{"id":123,"date":"2019-01-28T11:48:49","date_gmt":"2019-01-28T10:48:49","guid":{"rendered":"https:\/\/dev.petithanb.be\/moc\/agora\/?page_id=123"},"modified":"2024-01-23T10:25:33","modified_gmt":"2024-01-23T09:25:33","slug":"temoignages","status":"publish","type":"page","link":"https:\/\/mocliege.be\/agora\/temoignages\/","title":{"rendered":"T\u00e9moignages \/ Photos"},"content":{"rendered":"<h1>Article paru dans le dernier trimestriel du Ciep Communautaire\u00a0\u00bbL&rsquo;Esperluette\u00a0\u00bb sur l&rsquo;exposition \u00ab\u00a0Nous sommes\u00a0\u00bb qui a eu lieu l&rsquo;\u00e9t\u00e9 dernier \u00e0 l&rsquo;Agora.<\/h1>\n<p>Retrouvez l&rsquo;Esperluette en version num\u00e9rique en suivant ce lien: <a href=\"https:\/\/www.ciep.be\/index.php\/2012-11-29-08-11-53\/l-esperluette\">L&rsquo;Esperluette (ciep.be)<\/a><\/p>\n<p>&nbsp;<\/p>\n<p><img loading=\"lazy\" decoding=\"async\" class=\"alignnone  wp-image-446\" src=\"https:\/\/mocliege.be\/agora\/wp-content\/uploads\/sites\/3\/2024\/01\/Capture-237x300.png\" alt=\"\" width=\"453\" height=\"574\" srcset=\"https:\/\/mocliege.be\/agora\/wp-content\/uploads\/sites\/3\/2024\/01\/Capture-237x300.png 237w, https:\/\/mocliege.be\/agora\/wp-content\/uploads\/sites\/3\/2024\/01\/Capture-51x64.png 51w, https:\/\/mocliege.be\/agora\/wp-content\/uploads\/sites\/3\/2024\/01\/Capture-197x250.png 197w, https:\/\/mocliege.be\/agora\/wp-content\/uploads\/sites\/3\/2024\/01\/Capture-59x75.png 59w, https:\/\/mocliege.be\/agora\/wp-content\/uploads\/sites\/3\/2024\/01\/Capture-150x190.png 150w, https:\/\/mocliege.be\/agora\/wp-content\/uploads\/sites\/3\/2024\/01\/Capture-450x570.png 450w, https:\/\/mocliege.be\/agora\/wp-content\/uploads\/sites\/3\/2024\/01\/Capture-600x760.png 600w, https:\/\/mocliege.be\/agora\/wp-content\/uploads\/sites\/3\/2024\/01\/Capture.png 702w\" sizes=\"(max-width: 453px) 100vw, 453px\" \/><img loading=\"lazy\" decoding=\"async\" class=\"alignnone  wp-image-447\" src=\"https:\/\/mocliege.be\/agora\/wp-content\/uploads\/sites\/3\/2024\/01\/Capture2-243x300.png\" alt=\"\" width=\"465\" height=\"574\" srcset=\"https:\/\/mocliege.be\/agora\/wp-content\/uploads\/sites\/3\/2024\/01\/Capture2-243x300.png 243w, https:\/\/mocliege.be\/agora\/wp-content\/uploads\/sites\/3\/2024\/01\/Capture2-52x64.png 52w, https:\/\/mocliege.be\/agora\/wp-content\/uploads\/sites\/3\/2024\/01\/Capture2-202x250.png 202w, https:\/\/mocliege.be\/agora\/wp-content\/uploads\/sites\/3\/2024\/01\/Capture2-61x75.png 61w, https:\/\/mocliege.be\/agora\/wp-content\/uploads\/sites\/3\/2024\/01\/Capture2-150x185.png 150w, https:\/\/mocliege.be\/agora\/wp-content\/uploads\/sites\/3\/2024\/01\/Capture2-450x556.png 450w, https:\/\/mocliege.be\/agora\/wp-content\/uploads\/sites\/3\/2024\/01\/Capture2-600x742.png 600w, https:\/\/mocliege.be\/agora\/wp-content\/uploads\/sites\/3\/2024\/01\/Capture2.png 702w\" sizes=\"(max-width: 465px) 100vw, 465px\" \/><\/p>\n<p>&nbsp;<\/p>\n<h1><\/h1>\n<h1><\/h1>\n<p>&nbsp;<\/p>\n<h1>T\u00e9moignages<\/h1>\n<h2>F\u00eate de fin d&rsquo;ann\u00e9e r\u00e9ussie \u00e0 l&rsquo;Agora<\/h2>\n<div class=\"row gallery\">\n\t\t<div class=\"col-6 col-md-4\">\n\t\t<div class=\"gallery-image-wrap\">\n\t\t<a data-gallery=\"gallery\" href=\"https:\/\/mocliege.be\/agora\/wp-content\/uploads\/sites\/3\/2019\/01\/IMG_0281.jpg\">\n\t\t<img decoding=\"async\" src=\"https:\/\/mocliege.be\/agora\/wp-content\/uploads\/sites\/3\/2019\/01\/IMG_0281.jpg\" alt=\"\" class=\"img-responsive\">\n\t\t<\/a>\n\t\t<\/div>\n\t\t<\/div>\n\t\t<div class=\"col-6 col-md-4\">\n\t\t<div class=\"gallery-image-wrap\">\n\t\t<a data-gallery=\"gallery\" href=\"https:\/\/mocliege.be\/agora\/wp-content\/uploads\/sites\/3\/2019\/01\/IMG_0271.jpg\">\n\t\t<img decoding=\"async\" src=\"https:\/\/mocliege.be\/agora\/wp-content\/uploads\/sites\/3\/2019\/01\/IMG_0271.jpg\" alt=\"\" class=\"img-responsive\">\n\t\t<\/a>\n\t\t<\/div>\n\t\t<\/div>\n\t\t<div class=\"col-6 col-md-4\">\n\t\t<div class=\"gallery-image-wrap\">\n\t\t<a data-gallery=\"gallery\" href=\"https:\/\/mocliege.be\/agora\/wp-content\/uploads\/sites\/3\/2019\/01\/IMG_0259.jpg\">\n\t\t<img decoding=\"async\" src=\"https:\/\/mocliege.be\/agora\/wp-content\/uploads\/sites\/3\/2019\/01\/IMG_0259.jpg\" alt=\"\" class=\"img-responsive\">\n\t\t<\/a>\n\t\t<\/div>\n\t\t<\/div><\/div><div class=\"row gallery\">\n\t\t<div class=\"col-6 col-md-4\">\n\t\t<div class=\"gallery-image-wrap\">\n\t\t<a data-gallery=\"gallery\" href=\"https:\/\/mocliege.be\/agora\/wp-content\/uploads\/sites\/3\/2019\/01\/IMG_0260.jpg\">\n\t\t<img decoding=\"async\" src=\"https:\/\/mocliege.be\/agora\/wp-content\/uploads\/sites\/3\/2019\/01\/IMG_0260.jpg\" alt=\"\" class=\"img-responsive\">\n\t\t<\/a>\n\t\t<\/div>\n\t\t<\/div>\n\t\t<div class=\"col-6 col-md-4\">\n\t\t<div class=\"gallery-image-wrap\">\n\t\t<a data-gallery=\"gallery\" href=\"https:\/\/mocliege.be\/agora\/wp-content\/uploads\/sites\/3\/2019\/01\/IMG_0283.jpg\">\n\t\t<img decoding=\"async\" src=\"https:\/\/mocliege.be\/agora\/wp-content\/uploads\/sites\/3\/2019\/01\/IMG_0283.jpg\" alt=\"\" class=\"img-responsive\">\n\t\t<\/a>\n\t\t<\/div>\n\t\t<\/div>\n\t\t<div class=\"col-6 col-md-4\">\n\t\t<div class=\"gallery-image-wrap\">\n\t\t<a data-gallery=\"gallery\" href=\"https:\/\/mocliege.be\/agora\/wp-content\/uploads\/sites\/3\/2019\/01\/IMG_0269.jpg\">\n\t\t<img decoding=\"async\" src=\"https:\/\/mocliege.be\/agora\/wp-content\/uploads\/sites\/3\/2019\/01\/IMG_0269.jpg\" alt=\"\" class=\"img-responsive\">\n\t\t<\/a>\n\t\t<\/div>\n\t\t<\/div><\/div>\n<p><strong>L\u2019Agora, centre d\u2019alphab\u00e9tisation du MOC de Li\u00e8ge, \u00e9tait en f\u00eate ce jeudi matin. <\/strong><br class=\"autobr\" \/>La cour int\u00e9rieure du b\u00e2timent, baign\u00e9e de soleil, s\u2019est anim\u00e9e autour des stagiaires, de leurs familles, de leurs amis ainsi que du personnel, r\u00e9unis pour l\u2019occasion. <br class=\"autobr\" \/><strong>Animation musicale, jeux d\u2019ext\u00e9rieur, d\u00e9coration\u2026 les stagiaires avait eux-m\u00eames am\u00e9nag\u00e9 l\u2019espace verdoyant pour marquer la fin de l\u2019ann\u00e9e.<\/strong><br class=\"autobr\" \/>Les plus t\u00e9m\u00e9raires ont dans\u00e9 au rythme des musiques festives diffus\u00e9es par le Dj, d\u2019autres ont pr\u00e9f\u00e9r\u00e9 le tir-\u00e0-l\u2019arc\u2026 mais tous ce sont amus\u00e9s en ce temps de midi festif\u00a0! <br class=\"autobr\" \/>\u00ab\u00a0<i>Certains reviendront l\u2019an prochain, d\u2019autres ont fini leur formation et ne reviendront plus<\/i>\u00ab\u00a0, explique Ainoa, responsable du suivi psycho-social des apprenants. \u00ab\u00a0<i>Am\u00e9nager ce genre de moment permet de marquer le coup et de cr\u00e9er une coh\u00e9sion au sein de l\u2019asbl<\/i>\u00a0\u00bb ench\u00e9ri Julie, coordinatrice. <br class=\"autobr\" \/>C\u2019est donc autour d\u2019un verre et d\u2019un g\u00e9n\u00e9reux buffet que certains ce sont r\u00e9unis pour la derni\u00e8re fois\u2026 <strong>Pour d\u2019autres, ce n\u2019est qu\u2019un \u2019au revoir\u2019 avant de se reposer quelques semaines pour recommencer l\u2019ann\u00e9e du bon pied en septembre\u00a0!<\/strong><\/p>\n<h2><strong>Rencontre avec les participants du salon des professionnels<\/strong><\/h2>\n<p><a href=\"https:\/\/mocliege.be\/agora\/wp-content\/uploads\/sites\/3\/2019\/01\/IMG_0056.jpg\"><img loading=\"lazy\" decoding=\"async\" class=\" wp-image-138 alignleft\" src=\"https:\/\/mocliege.be\/agora\/wp-content\/uploads\/sites\/3\/2019\/01\/IMG_0056-300x200.jpg\" alt=\"\" width=\"525\" height=\"350\" srcset=\"https:\/\/mocliege.be\/agora\/wp-content\/uploads\/sites\/3\/2019\/01\/IMG_0056-300x200.jpg 300w, https:\/\/mocliege.be\/agora\/wp-content\/uploads\/sites\/3\/2019\/01\/IMG_0056-768x512.jpg 768w, https:\/\/mocliege.be\/agora\/wp-content\/uploads\/sites\/3\/2019\/01\/IMG_0056-1024x683.jpg 1024w, https:\/\/mocliege.be\/agora\/wp-content\/uploads\/sites\/3\/2019\/01\/IMG_0056-64x43.jpg 64w, https:\/\/mocliege.be\/agora\/wp-content\/uploads\/sites\/3\/2019\/01\/IMG_0056-250x167.jpg 250w, https:\/\/mocliege.be\/agora\/wp-content\/uploads\/sites\/3\/2019\/01\/IMG_0056-113x75.jpg 113w, https:\/\/mocliege.be\/agora\/wp-content\/uploads\/sites\/3\/2019\/01\/IMG_0056-150x100.jpg 150w, https:\/\/mocliege.be\/agora\/wp-content\/uploads\/sites\/3\/2019\/01\/IMG_0056-450x300.jpg 450w, https:\/\/mocliege.be\/agora\/wp-content\/uploads\/sites\/3\/2019\/01\/IMG_0056-600x400.jpg 600w, https:\/\/mocliege.be\/agora\/wp-content\/uploads\/sites\/3\/2019\/01\/IMG_0056-1200x800.jpg 1200w\" sizes=\"(max-width: 525px) 100vw, 525px\" \/><\/a>Vendeurs, agent(e) d\u2019accueil, coiffeur, technicienne de surface, professionnelle des Parcs et Jardins, chauffagiste, cariste, couturier&#8230; <strong>nombreux \u00e9taient les professionnels \u00e0 s\u2019\u00eatre d\u00e9plac\u00e9s \u00e0 l\u2019occasion du deuxi\u00e8me Salon de rencontre entre stagiaires et professionnels organis\u00e9 par l\u2019Agora<\/strong>.<\/p>\n<p>\u00ab\u00a0<em>L\u2019objectif est de permettre aux stagiaires de discuter concr\u00e8tement de leur projet professionnel<\/em>, explique Ainoa, assistante sociale et animatrice<em>. Nous avons sond\u00e9 les stagiaires sur leurs projets d\u2019avenir et nous avons recherch\u00e9 les professionnels en fonction.<\/em>\u00a0\u00bb<\/p>\n<p><strong>C\u2019est donc bien une matin\u00e9e sur mesure qui est ici propos\u00e9e aux apprenants\u00a0de l\u2019asbl.<\/strong> \u00ab\u00a0<em>On l\u2019avait d\u00e9j\u00e0 fait l\u2019an dernier et \u00e7a avait vraiment bien fonctionn\u00e9. Les retours des professionnels, par exemple, \u00e9taient supers bons. Ils avaient vraiment trouv\u00e9 \u00e7a enrichissant.<\/em>\u00a0\u00bb<\/p>\n<p>En effet, \u00e0 la table destin\u00e9e aux aspirants travailleurs du secteur Parc et Jardin se trouve Jos\u00e9phine Fortunato\u00a0: \u00ab\u00a0<em>J\u2019ai \u00e9t\u00e9 contact\u00e9e via Facebook par une employ\u00e9e d\u2019ici. En fait, je ne travaille pas vraiment dans le domaine, je suis mara\u00eech\u00e8re. J\u2019ai fait de mon mieux pour informer les stagiaires et je donnerai leurs coordonn\u00e9es \u00e0 quelques personnes que je connais dans le secteur.<\/em>\u00a0\u00bb Interrog\u00e9e sur ses motivations \u00e0 participer \u00e0 cette matin\u00e9e elle r\u00e9pond\u00a0:\u00a0\u00ab\u00a0<em>Je pense que l\u2019\u00e9change et le partage sont notre avenir. Sans \u00e7a, tout va se casser la figure<\/em>\u00a0! \u00bb<\/p>\n<blockquote><p><strong>\u00ab\u00a0Je pense que l\u2019\u00e9change et le partage sont notre avenir. Sans \u00e7a, tout va se casser la figure\u00a0\u00bb <\/strong><\/p><\/blockquote>\n<p>Du c\u00f4t\u00e9 des vendeurs, m\u00eame son de cloche\u00a0: \u00ab\u00a0<em>On est venu pour partager notre passion du m\u00e9tier<\/em>, explique S\u00e9bastien. \u00ab\u00a0<em>La vente, c\u2019est avant tout un contact avec les clients. Il faut conna\u00eetre ce que l\u2019on vend et \u00eatre honn\u00eate, c\u2019est important\u00a0!<\/em>\u00a0\u00bb<\/p>\n<p>Un enthousiasme partag\u00e9 les stagiaires\u00a0: <strong>\u00ab\u00a0<em>J\u2019aime aller dans les magasins<\/em>, raconte Fan (actuellement en remise \u00e0 niveau fran\u00e7ais dans le but de faire une formation). <em>J\u2019aime y \u00eatre bien accueillie et voir les produits. Je n\u2019aime pas acheter sur internet, j\u2019aime les contacts.\u00a0\u00bb<\/em><\/strong><\/p>\n<p>Un peu plus loin, trois aspirants coiffeurs \u00e9coutent attentivement les propos de Manuel. Parmi les questions les plus fr\u00e9quemment pos\u00e9es, celle du salaire, des relations avec la client\u00e8le et de la formation n\u00e9cessaire\u00a0: <strong>\u00ab\u00a0<em>J\u2019ai d\u00e9j\u00e0 travaill\u00e9 comme coiffeuse au Liban, <\/em><\/strong>explique<strong> Berivan<em>, en septembre j\u2019ai commenc\u00e9 une formation en coiffure \u00e0 l\u2019IFAPME mais ils m\u2019ont dit que mon niveau de fran\u00e7ais n\u2019\u00e9tait pas assez bon\u2026<\/em>\u00a0\u00bb<\/strong>. Elle poursuit donc son apprentissage du fran\u00e7ais \u00e0 l\u2019Agora.<\/p>\n<p>\u00ab\u00a0<em>Ici c\u2019est dur<\/em>, rench\u00e9ri <strong>Otman<\/strong>, Irakien, en souriant. <em>Au pays ce n\u2019est pas comme \u00e7a. Si tu veux devenir coiffeur, tu demandes \u00e0 de la famille ou des amis coiffeurs qu\u2019ils t\u2019apprennent et qu\u2019ils te fassent travailler. Ici c\u2019est diff\u00e9rent, tu dois faire une formation de trois ans (\u00a0!), avoir plein de papiers\u2026<\/em>\u00a0\u00bb<\/p>\n<p><strong>Mohammed<\/strong>, quant \u00e0 lui, travaillait comme ma\u00e7on en Irak\u00a0: \u00ab <em>Je ne veux plus \u00eatre ma\u00e7on. C\u2019est vraiment dur, surtout quand il fait chaud. Maintenant j\u2019ai aussi envie de faire de la coiffure.<\/em>\u00a0\u00bb<\/p>\n<p>En fin de matin\u00e9e nous rencontrons Dogan, ancien stagiaire de l\u2019Agora venu aujourd\u2019hui partager son exp\u00e9rience professionnelle\u00a0: \u00ab\u00a0<em>Je suis couturier et j\u2019ai ouvert mon magasin \u00e0 Herstal il y a quelques ann\u00e9es. On y travaille en famille<\/em>.\u00a0\u00bb<br \/>\nInt\u00e9ress\u00e9 par la couture depuis l\u2019adolescence, Dogan a lanc\u00e9 son magasin \u00ab\u00a0Couture Star\u00a0\u00bb en 2015 gr\u00e2ce aux conseils et au financement de MicroStart. En 2018, il a re\u00e7u \u201cle prix du public\u201d, lors du concours \u00ab\u00a0entrepreneur de l&rsquo;ann\u00e9e\u00a0\u00bb.<\/p>\n<p>Un t\u00e9moignage encourageant pour les stagiaires pr\u00e9sents ce jour-l\u00e0\u2026<\/p>\n<div class=\"row gallery\">\n\t\t<div class=\"col-6 col-md-2.4\">\n\t\t<div class=\"gallery-image-wrap\">\n\t\t<a data-gallery=\"gallery\" href=\"https:\/\/mocliege.be\/agora\/wp-content\/uploads\/sites\/3\/2019\/01\/IMG_0049.jpg\">\n\t\t<img decoding=\"async\" src=\"https:\/\/mocliege.be\/agora\/wp-content\/uploads\/sites\/3\/2019\/01\/IMG_0049.jpg\" alt=\"\" class=\"img-responsive\">\n\t\t<\/a>\n\t\t<\/div>\n\t\t<\/div>\n\t\t<div class=\"col-6 col-md-2.4\">\n\t\t<div class=\"gallery-image-wrap\">\n\t\t<a data-gallery=\"gallery\" href=\"https:\/\/mocliege.be\/agora\/wp-content\/uploads\/sites\/3\/2019\/01\/IMG_0069.jpg\">\n\t\t<img decoding=\"async\" src=\"https:\/\/mocliege.be\/agora\/wp-content\/uploads\/sites\/3\/2019\/01\/IMG_0069.jpg\" alt=\"\" class=\"img-responsive\">\n\t\t<\/a>\n\t\t<\/div>\n\t\t<\/div>\n\t\t<div class=\"col-6 col-md-2.4\">\n\t\t<div class=\"gallery-image-wrap\">\n\t\t<a data-gallery=\"gallery\" href=\"https:\/\/mocliege.be\/agora\/wp-content\/uploads\/sites\/3\/2019\/01\/IMG_0059.jpg\">\n\t\t<img decoding=\"async\" src=\"https:\/\/mocliege.be\/agora\/wp-content\/uploads\/sites\/3\/2019\/01\/IMG_0059.jpg\" alt=\"\" class=\"img-responsive\">\n\t\t<\/a>\n\t\t<\/div>\n\t\t<\/div>\n\t\t<div class=\"col-6 col-md-2.4\">\n\t\t<div class=\"gallery-image-wrap\">\n\t\t<a data-gallery=\"gallery\" href=\"https:\/\/mocliege.be\/agora\/wp-content\/uploads\/sites\/3\/2019\/01\/IMG_0058.jpg\">\n\t\t<img decoding=\"async\" src=\"https:\/\/mocliege.be\/agora\/wp-content\/uploads\/sites\/3\/2019\/01\/IMG_0058.jpg\" alt=\"\" class=\"img-responsive\">\n\t\t<\/a>\n\t\t<\/div>\n\t\t<\/div><\/div>\n","protected":false},"excerpt":{"rendered":"<p>Article paru dans le dernier trimestriel du Ciep Communautaire\u00a0\u00bbL&rsquo;Esperluette\u00a0\u00bb sur l&rsquo;exposition \u00ab\u00a0Nous sommes\u00a0\u00bb qui a [&hellip;]<\/p>\n","protected":false},"author":1,"featured_media":0,"parent":0,"menu_order":0,"comment_status":"closed","ping_status":"closed","template":"template-about.php","meta":{"_monsterinsights_skip_tracking":false,"_monsterinsights_sitenote_active":false,"_monsterinsights_sitenote_note":"","_monsterinsights_sitenote_category":0,"footnotes":""},"acf":[],"yoast_head":"<!-- This site is optimized with the Yoast SEO plugin v19.14 - https:\/\/yoast.com\/wordpress\/plugins\/seo\/ -->\n<title>T\u00e9moignages \/ Photos - Agora<\/title>\n<meta name=\"robots\" content=\"index, follow, max-snippet:-1, max-image-preview:large, max-video-preview:-1\" \/>\n<link rel=\"canonical\" href=\"https:\/\/mocliege.be\/agora\/temoignages\/\" \/>\n<meta property=\"og:locale\" content=\"fr_FR\" \/>\n<meta property=\"og:type\" content=\"article\" \/>\n<meta property=\"og:title\" content=\"T\u00e9moignages \/ Photos - Agora\" \/>\n<meta property=\"og:description\" content=\"Article paru dans le dernier trimestriel du Ciep Communautaire\u00a0\u00bbL&rsquo;Esperluette\u00a0\u00bb sur l&rsquo;exposition \u00ab\u00a0Nous sommes\u00a0\u00bb qui a [&hellip;]\" \/>\n<meta property=\"og:url\" content=\"https:\/\/mocliege.be\/agora\/temoignages\/\" \/>\n<meta property=\"og:site_name\" content=\"Agora\" \/>\n<meta property=\"article:modified_time\" content=\"2024-01-23T09:25:33+00:00\" \/>\n<meta property=\"og:image\" content=\"https:\/\/mocliege.be\/agora\/wp-content\/uploads\/sites\/3\/2019\/01\/IMG_0281.jpg\" \/>\n<meta name=\"twitter:card\" content=\"summary_large_image\" \/>\n<meta name=\"twitter:label1\" content=\"Dur\u00e9e de lecture estim\u00e9e\" \/>\n\t<meta name=\"twitter:data1\" content=\"5 minutes\" \/>\n<script type=\"application\/ld+json\" class=\"yoast-schema-graph\">{\"@context\":\"https:\/\/schema.org\",\"@graph\":[{\"@type\":\"WebPage\",\"@id\":\"https:\/\/mocliege.be\/agora\/temoignages\/\",\"url\":\"https:\/\/mocliege.be\/agora\/temoignages\/\",\"name\":\"T\u00e9moignages \/ Photos - Agora\",\"isPartOf\":{\"@id\":\"https:\/\/mocliege.be\/agora\/#website\"},\"datePublished\":\"2019-01-28T10:48:49+00:00\",\"dateModified\":\"2024-01-23T09:25:33+00:00\",\"breadcrumb\":{\"@id\":\"https:\/\/mocliege.be\/agora\/temoignages\/#breadcrumb\"},\"inLanguage\":\"fr-FR\",\"potentialAction\":[{\"@type\":\"ReadAction\",\"target\":[\"https:\/\/mocliege.be\/agora\/temoignages\/\"]}]},{\"@type\":\"BreadcrumbList\",\"@id\":\"https:\/\/mocliege.be\/agora\/temoignages\/#breadcrumb\",\"itemListElement\":[{\"@type\":\"ListItem\",\"position\":1,\"name\":\"Accueil\",\"item\":\"https:\/\/mocliege.be\/agora\/\"},{\"@type\":\"ListItem\",\"position\":2,\"name\":\"T\u00e9moignages \/ Photos\"}]},{\"@type\":\"WebSite\",\"@id\":\"https:\/\/mocliege.be\/agora\/#website\",\"url\":\"https:\/\/mocliege.be\/agora\/\",\"name\":\"Agora\",\"description\":\"Am\u00e9liore ton fran\u00e7ais et construis ton futur\",\"publisher\":{\"@id\":\"https:\/\/mocliege.be\/agora\/#organization\"},\"potentialAction\":[{\"@type\":\"SearchAction\",\"target\":{\"@type\":\"EntryPoint\",\"urlTemplate\":\"https:\/\/mocliege.be\/agora\/?s={search_term_string}\"},\"query-input\":\"required name=search_term_string\"}],\"inLanguage\":\"fr-FR\"},{\"@type\":\"Organization\",\"@id\":\"https:\/\/mocliege.be\/agora\/#organization\",\"name\":\"Agora\",\"url\":\"https:\/\/mocliege.be\/agora\/\",\"logo\":{\"@type\":\"ImageObject\",\"inLanguage\":\"fr-FR\",\"@id\":\"https:\/\/mocliege.be\/agora\/#\/schema\/logo\/image\/\",\"url\":\"https:\/\/mocliege.be\/agora\/wp-content\/uploads\/sites\/3\/2024\/05\/cropped-logo-agora-white-text.png\",\"contentUrl\":\"https:\/\/mocliege.be\/agora\/wp-content\/uploads\/sites\/3\/2024\/05\/cropped-logo-agora-white-text.png\",\"width\":1080,\"height\":1080,\"caption\":\"Agora\"},\"image\":{\"@id\":\"https:\/\/mocliege.be\/agora\/#\/schema\/logo\/image\/\"}}]}<\/script>\n<!-- \/ Yoast SEO plugin. -->","yoast_head_json":{"title":"T\u00e9moignages \/ Photos - Agora","robots":{"index":"index","follow":"follow","max-snippet":"max-snippet:-1","max-image-preview":"max-image-preview:large","max-video-preview":"max-video-preview:-1"},"canonical":"https:\/\/mocliege.be\/agora\/temoignages\/","og_locale":"fr_FR","og_type":"article","og_title":"T\u00e9moignages \/ Photos - Agora","og_description":"Article paru dans le dernier trimestriel du Ciep Communautaire\u00a0\u00bbL&rsquo;Esperluette\u00a0\u00bb sur l&rsquo;exposition \u00ab\u00a0Nous sommes\u00a0\u00bb qui a [&hellip;]","og_url":"https:\/\/mocliege.be\/agora\/temoignages\/","og_site_name":"Agora","article_modified_time":"2024-01-23T09:25:33+00:00","og_image":[{"url":"https:\/\/mocliege.be\/agora\/wp-content\/uploads\/sites\/3\/2019\/01\/IMG_0281.jpg"}],"twitter_card":"summary_large_image","twitter_misc":{"Dur\u00e9e de lecture estim\u00e9e":"5 minutes"},"schema":{"@context":"https:\/\/schema.org","@graph":[{"@type":"WebPage","@id":"https:\/\/mocliege.be\/agora\/temoignages\/","url":"https:\/\/mocliege.be\/agora\/temoignages\/","name":"T\u00e9moignages \/ Photos - Agora","isPartOf":{"@id":"https:\/\/mocliege.be\/agora\/#website"},"datePublished":"2019-01-28T10:48:49+00:00","dateModified":"2024-01-23T09:25:33+00:00","breadcrumb":{"@id":"https:\/\/mocliege.be\/agora\/temoignages\/#breadcrumb"},"inLanguage":"fr-FR","potentialAction":[{"@type":"ReadAction","target":["https:\/\/mocliege.be\/agora\/temoignages\/"]}]},{"@type":"BreadcrumbList","@id":"https:\/\/mocliege.be\/agora\/temoignages\/#breadcrumb","itemListElement":[{"@type":"ListItem","position":1,"name":"Accueil","item":"https:\/\/mocliege.be\/agora\/"},{"@type":"ListItem","position":2,"name":"T\u00e9moignages \/ Photos"}]},{"@type":"WebSite","@id":"https:\/\/mocliege.be\/agora\/#website","url":"https:\/\/mocliege.be\/agora\/","name":"Agora","description":"Am\u00e9liore ton fran\u00e7ais et construis ton futur","publisher":{"@id":"https:\/\/mocliege.be\/agora\/#organization"},"potentialAction":[{"@type":"SearchAction","target":{"@type":"EntryPoint","urlTemplate":"https:\/\/mocliege.be\/agora\/?s={search_term_string}"},"query-input":"required name=search_term_string"}],"inLanguage":"fr-FR"},{"@type":"Organization","@id":"https:\/\/mocliege.be\/agora\/#organization","name":"Agora","url":"https:\/\/mocliege.be\/agora\/","logo":{"@type":"ImageObject","inLanguage":"fr-FR","@id":"https:\/\/mocliege.be\/agora\/#\/schema\/logo\/image\/","url":"https:\/\/mocliege.be\/agora\/wp-content\/uploads\/sites\/3\/2024\/05\/cropped-logo-agora-white-text.png","contentUrl":"https:\/\/mocliege.be\/agora\/wp-content\/uploads\/sites\/3\/2024\/05\/cropped-logo-agora-white-text.png","width":1080,"height":1080,"caption":"Agora"},"image":{"@id":"https:\/\/mocliege.be\/agora\/#\/schema\/logo\/image\/"}}]}},"_links":{"self":[{"href":"https:\/\/mocliege.be\/agora\/wp-json\/wp\/v2\/pages\/123"}],"collection":[{"href":"https:\/\/mocliege.be\/agora\/wp-json\/wp\/v2\/pages"}],"about":[{"href":"https:\/\/mocliege.be\/agora\/wp-json\/wp\/v2\/types\/page"}],"author":[{"embeddable":true,"href":"https:\/\/mocliege.be\/agora\/wp-json\/wp\/v2\/users\/1"}],"replies":[{"embeddable":true,"href":"https:\/\/mocliege.be\/agora\/wp-json\/wp\/v2\/comments?post=123"}],"version-history":[{"count":25,"href":"https:\/\/mocliege.be\/agora\/wp-json\/wp\/v2\/pages\/123\/revisions"}],"predecessor-version":[{"id":456,"href":"https:\/\/mocliege.be\/agora\/wp-json\/wp\/v2\/pages\/123\/revisions\/456"}],"wp:attachment":[{"href":"https:\/\/mocliege.be\/agora\/wp-json\/wp\/v2\/media?parent=123"}],"curies":[{"name":"wp","href":"https:\/\/api.w.org\/{rel}","templated":true}]}}