{"id":19,"date":"2019-01-16T09:45:16","date_gmt":"2019-01-16T08:45:16","guid":{"rendered":"https:\/\/dev.petithanb.be\/moc\/alter-form\/?page_id=19"},"modified":"2025-08-08T10:23:40","modified_gmt":"2025-08-08T08:23:40","slug":"equipe","status":"publish","type":"page","link":"https:\/\/mocliege.be\/alter-form\/equipe\/","title":{"rendered":"\u00c9quipe"},"content":{"rendered":"<p>&nbsp;<\/p>\n<p><img loading=\"lazy\" decoding=\"async\" class=\"wp-image-512 size-large aligncenter\" src=\"https:\/\/mocliege.be\/alter-form\/wp-content\/uploads\/sites\/5\/2025\/08\/Design-sans-titre-1-791x1024.jpg\" alt=\"\" width=\"791\" height=\"1024\" srcset=\"https:\/\/mocliege.be\/alter-form\/wp-content\/uploads\/sites\/5\/2025\/08\/Design-sans-titre-1-791x1024.jpg 791w, https:\/\/mocliege.be\/alter-form\/wp-content\/uploads\/sites\/5\/2025\/08\/Design-sans-titre-1-232x300.jpg 232w, https:\/\/mocliege.be\/alter-form\/wp-content\/uploads\/sites\/5\/2025\/08\/Design-sans-titre-1-768x994.jpg 768w, https:\/\/mocliege.be\/alter-form\/wp-content\/uploads\/sites\/5\/2025\/08\/Design-sans-titre-1-1187x1536.jpg 1187w, https:\/\/mocliege.be\/alter-form\/wp-content\/uploads\/sites\/5\/2025\/08\/Design-sans-titre-1-49x64.jpg 49w, https:\/\/mocliege.be\/alter-form\/wp-content\/uploads\/sites\/5\/2025\/08\/Design-sans-titre-1-193x250.jpg 193w, https:\/\/mocliege.be\/alter-form\/wp-content\/uploads\/sites\/5\/2025\/08\/Design-sans-titre-1-58x75.jpg 58w, https:\/\/mocliege.be\/alter-form\/wp-content\/uploads\/sites\/5\/2025\/08\/Design-sans-titre-1-150x194.jpg 150w, https:\/\/mocliege.be\/alter-form\/wp-content\/uploads\/sites\/5\/2025\/08\/Design-sans-titre-1-450x583.jpg 450w, https:\/\/mocliege.be\/alter-form\/wp-content\/uploads\/sites\/5\/2025\/08\/Design-sans-titre-1-600x777.jpg 600w, https:\/\/mocliege.be\/alter-form\/wp-content\/uploads\/sites\/5\/2025\/08\/Design-sans-titre-1-1200x1553.jpg 1200w, https:\/\/mocliege.be\/alter-form\/wp-content\/uploads\/sites\/5\/2025\/08\/Design-sans-titre-1.jpg 1545w\" sizes=\"(max-width: 791px) 100vw, 791px\" \/><\/p>\n<p>&nbsp;<\/p>\n<p>&nbsp;<\/p>\n<p style=\"text-align: center;\"><strong>Aur\u00e9lie KINGUDI : Accueil, secr\u00e9tariat<\/strong><\/p>\n<p style=\"text-align: center;\"><strong>Anne DEPREITERE: agent d\u2019insertion socio professionnelle<\/strong><\/p>\n<p style=\"text-align: center;\"><strong>Jean-Marie LAMBERT: Formateur<\/strong><\/p>\n<p style=\"text-align: center;\"><strong>John LOMRE: Formateur<\/strong><\/p>\n<p style=\"text-align: center;\"><strong>Catherine DE MEY: Formatrice<\/strong><\/p>\n<p style=\"text-align: center;\"><strong>Sami AHMETAJ: Aide Formateur<\/strong><\/p>\n<p style=\"text-align: center;\"><strong>Smail CHAFI: Aide Formateur<\/strong><\/p>\n<p>&nbsp;<\/p>\n<p>&nbsp;<\/p>\n","protected":false},"excerpt":{"rendered":"<p>&nbsp; &nbsp; &nbsp; Aur\u00e9lie KINGUDI : Accueil, secr\u00e9tariat Anne DEPREITERE: agent d\u2019insertion socio professionnelle Jean-Marie [&hellip;]<\/p>\n","protected":false},"author":1,"featured_media":0,"parent":0,"menu_order":0,"comment_status":"closed","ping_status":"closed","template":"template-about.php","meta":{"_monsterinsights_skip_tracking":false,"_monsterinsights_sitenote_active":false,"_monsterinsights_sitenote_note":"","_monsterinsights_sitenote_category":0,"footnotes":""},"acf":[],"yoast_head":"<!-- This site is optimized with the Yoast SEO plugin v19.14 - https:\/\/yoast.com\/wordpress\/plugins\/seo\/ -->\n<title>\u00c9quipe - Alter Form<\/title>\n<meta name=\"robots\" content=\"index, follow, max-snippet:-1, max-image-preview:large, max-video-preview:-1\" \/>\n<link rel=\"canonical\" href=\"https:\/\/mocliege.be\/alter-form\/equipe\/\" \/>\n<meta property=\"og:locale\" content=\"fr_FR\" \/>\n<meta property=\"og:type\" content=\"article\" \/>\n<meta property=\"og:title\" content=\"\u00c9quipe - Alter Form\" \/>\n<meta property=\"og:description\" content=\"&nbsp; &nbsp; &nbsp; Aur\u00e9lie KINGUDI : Accueil, secr\u00e9tariat Anne DEPREITERE: agent d\u2019insertion socio professionnelle Jean-Marie [&hellip;]\" \/>\n<meta property=\"og:url\" content=\"https:\/\/mocliege.be\/alter-form\/equipe\/\" \/>\n<meta property=\"og:site_name\" content=\"Alter Form\" \/>\n<meta property=\"article:modified_time\" content=\"2025-08-08T08:23:40+00:00\" \/>\n<meta property=\"og:image\" content=\"https:\/\/mocliege.be\/alter-form\/wp-content\/uploads\/sites\/5\/2025\/08\/Design-sans-titre-1-791x1024.jpg\" \/>\n<meta name=\"twitter:card\" content=\"summary_large_image\" \/>\n<meta name=\"twitter:label1\" content=\"Dur\u00e9e de lecture est.\" \/>\n\t<meta name=\"twitter:data1\" content=\"1 minute\" \/>\n<script type=\"application\/ld+json\" class=\"yoast-schema-graph\">{\"@context\":\"https:\/\/schema.org\",\"@graph\":[{\"@type\":\"WebPage\",\"@id\":\"https:\/\/mocliege.be\/alter-form\/equipe\/\",\"url\":\"https:\/\/mocliege.be\/alter-form\/equipe\/\",\"name\":\"\u00c9quipe - Alter Form\",\"isPartOf\":{\"@id\":\"https:\/\/mocliege.be\/alter-form\/#website\"},\"datePublished\":\"2019-01-16T08:45:16+00:00\",\"dateModified\":\"2025-08-08T08:23:40+00:00\",\"breadcrumb\":{\"@id\":\"https:\/\/mocliege.be\/alter-form\/equipe\/#breadcrumb\"},\"inLanguage\":\"fr-BE\",\"potentialAction\":[{\"@type\":\"ReadAction\",\"target\":[\"https:\/\/mocliege.be\/alter-form\/equipe\/\"]}]},{\"@type\":\"BreadcrumbList\",\"@id\":\"https:\/\/mocliege.be\/alter-form\/equipe\/#breadcrumb\",\"itemListElement\":[{\"@type\":\"ListItem\",\"position\":1,\"name\":\"Accueil\",\"item\":\"https:\/\/mocliege.be\/alter-form\/\"},{\"@type\":\"ListItem\",\"position\":2,\"name\":\"\u00c9quipe\"}]},{\"@type\":\"WebSite\",\"@id\":\"https:\/\/mocliege.be\/alter-form\/#website\",\"url\":\"https:\/\/mocliege.be\/alter-form\/\",\"name\":\"Alter Form\",\"description\":\"Un site utilisant Sites du MOC - Li\u00e8ge\",\"potentialAction\":[{\"@type\":\"SearchAction\",\"target\":{\"@type\":\"EntryPoint\",\"urlTemplate\":\"https:\/\/mocliege.be\/alter-form\/?s={search_term_string}\"},\"query-input\":\"required name=search_term_string\"}],\"inLanguage\":\"fr-BE\"}]}<\/script>\n<!-- \/ Yoast SEO plugin. -->","yoast_head_json":{"title":"\u00c9quipe - Alter Form","robots":{"index":"index","follow":"follow","max-snippet":"max-snippet:-1","max-image-preview":"max-image-preview:large","max-video-preview":"max-video-preview:-1"},"canonical":"https:\/\/mocliege.be\/alter-form\/equipe\/","og_locale":"fr_FR","og_type":"article","og_title":"\u00c9quipe - Alter Form","og_description":"&nbsp; &nbsp; &nbsp; Aur\u00e9lie KINGUDI : Accueil, secr\u00e9tariat Anne DEPREITERE: agent d\u2019insertion socio professionnelle Jean-Marie [&hellip;]","og_url":"https:\/\/mocliege.be\/alter-form\/equipe\/","og_site_name":"Alter Form","article_modified_time":"2025-08-08T08:23:40+00:00","og_image":[{"url":"https:\/\/mocliege.be\/alter-form\/wp-content\/uploads\/sites\/5\/2025\/08\/Design-sans-titre-1-791x1024.jpg"}],"twitter_card":"summary_large_image","twitter_misc":{"Dur\u00e9e de lecture est.":"1 minute"},"schema":{"@context":"https:\/\/schema.org","@graph":[{"@type":"WebPage","@id":"https:\/\/mocliege.be\/alter-form\/equipe\/","url":"https:\/\/mocliege.be\/alter-form\/equipe\/","name":"\u00c9quipe - Alter Form","isPartOf":{"@id":"https:\/\/mocliege.be\/alter-form\/#website"},"datePublished":"2019-01-16T08:45:16+00:00","dateModified":"2025-08-08T08:23:40+00:00","breadcrumb":{"@id":"https:\/\/mocliege.be\/alter-form\/equipe\/#breadcrumb"},"inLanguage":"fr-BE","potentialAction":[{"@type":"ReadAction","target":["https:\/\/mocliege.be\/alter-form\/equipe\/"]}]},{"@type":"BreadcrumbList","@id":"https:\/\/mocliege.be\/alter-form\/equipe\/#breadcrumb","itemListElement":[{"@type":"ListItem","position":1,"name":"Accueil","item":"https:\/\/mocliege.be\/alter-form\/"},{"@type":"ListItem","position":2,"name":"\u00c9quipe"}]},{"@type":"WebSite","@id":"https:\/\/mocliege.be\/alter-form\/#website","url":"https:\/\/mocliege.be\/alter-form\/","name":"Alter Form","description":"Un site utilisant Sites du MOC - Li\u00e8ge","potentialAction":[{"@type":"SearchAction","target":{"@type":"EntryPoint","urlTemplate":"https:\/\/mocliege.be\/alter-form\/?s={search_term_string}"},"query-input":"required name=search_term_string"}],"inLanguage":"fr-BE"}]}},"_links":{"self":[{"href":"https:\/\/mocliege.be\/alter-form\/wp-json\/wp\/v2\/pages\/19"}],"collection":[{"href":"https:\/\/mocliege.be\/alter-form\/wp-json\/wp\/v2\/pages"}],"about":[{"href":"https:\/\/mocliege.be\/alter-form\/wp-json\/wp\/v2\/types\/page"}],"author":[{"embeddable":true,"href":"https:\/\/mocliege.be\/alter-form\/wp-json\/wp\/v2\/users\/1"}],"replies":[{"embeddable":true,"href":"https:\/\/mocliege.be\/alter-form\/wp-json\/wp\/v2\/comments?post=19"}],"version-history":[{"count":25,"href":"https:\/\/mocliege.be\/alter-form\/wp-json\/wp\/v2\/pages\/19\/revisions"}],"predecessor-version":[{"id":513,"href":"https:\/\/mocliege.be\/alter-form\/wp-json\/wp\/v2\/pages\/19\/revisions\/513"}],"wp:attachment":[{"href":"https:\/\/mocliege.be\/alter-form\/wp-json\/wp\/v2\/media?parent=19"}],"curies":[{"name":"wp","href":"https:\/\/api.w.org\/{rel}","templated":true}]}}