{"id":4,"date":"2019-01-09T11:39:20","date_gmt":"2019-01-09T10:39:20","guid":{"rendered":"https:\/\/dev.petithanb.be\/moc\/alter-form\/?page_id=4"},"modified":"2025-10-28T16:10:52","modified_gmt":"2025-10-28T15:10:52","slug":"alter-form-accueil","status":"publish","type":"page","link":"https:\/\/mocliege.be\/alter-form\/","title":{"rendered":"Accueil"},"content":{"rendered":"<p><img loading=\"lazy\" decoding=\"async\" class=\"alignnone wp-image-64\" src=\"https:\/\/mocliege.be\/alter-form\/wp-content\/uploads\/sites\/5\/2019\/01\/Image-pre\u0301sentation-Alter-Form-e1548258211394-300x142.jpg\" alt=\"\" width=\"1001\" height=\"474\" srcset=\"https:\/\/mocliege.be\/alter-form\/wp-content\/uploads\/sites\/5\/2019\/01\/Image-pre\u0301sentation-Alter-Form-e1548258211394-300x142.jpg 300w, https:\/\/mocliege.be\/alter-form\/wp-content\/uploads\/sites\/5\/2019\/01\/Image-pre\u0301sentation-Alter-Form-e1548258211394-768x364.jpg 768w, https:\/\/mocliege.be\/alter-form\/wp-content\/uploads\/sites\/5\/2019\/01\/Image-pre\u0301sentation-Alter-Form-e1548258211394-1024x485.jpg 1024w, https:\/\/mocliege.be\/alter-form\/wp-content\/uploads\/sites\/5\/2019\/01\/Image-pre\u0301sentation-Alter-Form-e1548258211394-64x30.jpg 64w, https:\/\/mocliege.be\/alter-form\/wp-content\/uploads\/sites\/5\/2019\/01\/Image-pre\u0301sentation-Alter-Form-e1548258211394-250x118.jpg 250w, https:\/\/mocliege.be\/alter-form\/wp-content\/uploads\/sites\/5\/2019\/01\/Image-pre\u0301sentation-Alter-Form-e1548258211394-120x57.jpg 120w, https:\/\/mocliege.be\/alter-form\/wp-content\/uploads\/sites\/5\/2019\/01\/Image-pre\u0301sentation-Alter-Form-e1548258211394-150x71.jpg 150w, https:\/\/mocliege.be\/alter-form\/wp-content\/uploads\/sites\/5\/2019\/01\/Image-pre\u0301sentation-Alter-Form-e1548258211394-450x213.jpg 450w, https:\/\/mocliege.be\/alter-form\/wp-content\/uploads\/sites\/5\/2019\/01\/Image-pre\u0301sentation-Alter-Form-e1548258211394-600x284.jpg 600w, https:\/\/mocliege.be\/alter-form\/wp-content\/uploads\/sites\/5\/2019\/01\/Image-pre\u0301sentation-Alter-Form-e1548258211394-1200x568.jpg 1200w, https:\/\/mocliege.be\/alter-form\/wp-content\/uploads\/sites\/5\/2019\/01\/Image-pre\u0301sentation-Alter-Form-e1548258211394.jpg 1875w\" sizes=\"(max-width: 1001px) 100vw, 1001px\" \/><\/p>\n<p><img loading=\"lazy\" decoding=\"async\" class=\"alignnone wp-image-272 aligncenter\" src=\"https:\/\/mocliege.be\/alter-form\/wp-content\/uploads\/sites\/5\/2022\/11\/logo-Alter-Form-Decouvertes-et-Formations-300x246.jpg\" alt=\"\" width=\"323\" height=\"265\" srcset=\"https:\/\/mocliege.be\/alter-form\/wp-content\/uploads\/sites\/5\/2022\/11\/logo-Alter-Form-Decouvertes-et-Formations-300x246.jpg 300w, https:\/\/mocliege.be\/alter-form\/wp-content\/uploads\/sites\/5\/2022\/11\/logo-Alter-Form-Decouvertes-et-Formations-768x629.jpg 768w, https:\/\/mocliege.be\/alter-form\/wp-content\/uploads\/sites\/5\/2022\/11\/logo-Alter-Form-Decouvertes-et-Formations-1024x839.jpg 1024w, https:\/\/mocliege.be\/alter-form\/wp-content\/uploads\/sites\/5\/2022\/11\/logo-Alter-Form-Decouvertes-et-Formations-64x52.jpg 64w, https:\/\/mocliege.be\/alter-form\/wp-content\/uploads\/sites\/5\/2022\/11\/logo-Alter-Form-Decouvertes-et-Formations-250x205.jpg 250w, https:\/\/mocliege.be\/alter-form\/wp-content\/uploads\/sites\/5\/2022\/11\/logo-Alter-Form-Decouvertes-et-Formations-92x75.jpg 92w, https:\/\/mocliege.be\/alter-form\/wp-content\/uploads\/sites\/5\/2022\/11\/logo-Alter-Form-Decouvertes-et-Formations-150x123.jpg 150w, https:\/\/mocliege.be\/alter-form\/wp-content\/uploads\/sites\/5\/2022\/11\/logo-Alter-Form-Decouvertes-et-Formations-450x369.jpg 450w, https:\/\/mocliege.be\/alter-form\/wp-content\/uploads\/sites\/5\/2022\/11\/logo-Alter-Form-Decouvertes-et-Formations-600x492.jpg 600w, https:\/\/mocliege.be\/alter-form\/wp-content\/uploads\/sites\/5\/2022\/11\/logo-Alter-Form-Decouvertes-et-Formations-1200x983.jpg 1200w, https:\/\/mocliege.be\/alter-form\/wp-content\/uploads\/sites\/5\/2022\/11\/logo-Alter-Form-Decouvertes-et-Formations.jpg 1518w\" sizes=\"(max-width: 323px) 100vw, 323px\" \/><\/p>\n<p><strong>Alter Form est un centre de formation professionnelle (Centre d\u2019insertion socioprofessionnelle) implant\u00e9 pour son action au c\u0153ur m\u00eame du paysage industriel li\u00e9geois (Sclessin).<\/strong><\/p>\n<p>Nous avons comme objectif d\u2019accompagner, d\u2019orienter et de former tout demandeur d\u2019emploi d\u00e9sireux d\u2019int\u00e9grer nos fili\u00e8res \u00ab\u00a0d\u00e9couverte\u00a0\u00bb, professionnalisante, ou qualifiante.<\/p>\n<p>Notre dynamique p\u00e9dagogique int\u00e9gr\u00e9e et r\u00e9solument humaine a pour vocation l\u2019<strong>accompagnement du demandeur d\u2019emploi<\/strong> depuis la clarification d\u2019un projet d\u2019insertion jusqu\u2019\u00e0 l\u2019acquisition des comp\u00e9tences n\u00e9cessaires \u00e0 un <strong>parcours professionnel \u00e9panouissant<\/strong>.<\/p>\n<p>En 30 ans d\u2019existence, le centre a pu nouer de v\u00e9ritables liens de confiance avec les entreprises, l\u2019int\u00e9rim, les institutions et maisons de soins de la r\u00e9gion. <strong>Ce r\u00e9seau de professionnels permet \u00e0 nos stagiaires une insertion durable dans le march\u00e9 de l\u2019emploi.<\/strong><\/p>\n<p>L&rsquo;ASBL propose des formations au m\u00e9tier d&rsquo;aide soignante, de gros \u0153uvre du b\u00e2timent, de magasinier cariste ainsi que la formation Digistart pour les personnes en fracture num\u00e9rique. Alter Form dispose \u00e9galement d&rsquo;un EPN (Espace publique Num\u00e9rique) qui permet \u00e0 quiconque ayant besoin d&rsquo;utiliser du mat\u00e9riel num\u00e9rique de venir s&rsquo;en servir dans un environnement calme et sous la surveillance d&rsquo;un expert.<\/p>\n<h3>Inscris-toi \u00e0 une s\u00e9ance d\u2019information (tous les mercredis \u00e0 10h00) =&gt; \ud83d\udcde <a href=\"tel:+3242347130\">04 234 71 30<\/a><\/h3>\n<p><strong>Avec le soutien de :<\/strong><\/p>\n<p><a href=\"http:\/\/leforem.be\"><img loading=\"lazy\" decoding=\"async\" class=\"alignnone wp-image-340\" src=\"https:\/\/mocliege.be\/alter-form\/wp-content\/uploads\/sites\/5\/2024\/03\/LogoForem_RS_noir-e1711532262256-300x281.jpg\" alt=\"logo du forem\" width=\"228\" height=\"214\" srcset=\"https:\/\/mocliege.be\/alter-form\/wp-content\/uploads\/sites\/5\/2024\/03\/LogoForem_RS_noir-e1711532262256-300x281.jpg 300w, https:\/\/mocliege.be\/alter-form\/wp-content\/uploads\/sites\/5\/2024\/03\/LogoForem_RS_noir-e1711532262256-64x60.jpg 64w, https:\/\/mocliege.be\/alter-form\/wp-content\/uploads\/sites\/5\/2024\/03\/LogoForem_RS_noir-e1711532262256-250x234.jpg 250w, https:\/\/mocliege.be\/alter-form\/wp-content\/uploads\/sites\/5\/2024\/03\/LogoForem_RS_noir-e1711532262256-80x75.jpg 80w, https:\/\/mocliege.be\/alter-form\/wp-content\/uploads\/sites\/5\/2024\/03\/LogoForem_RS_noir-e1711532262256-150x140.jpg 150w, https:\/\/mocliege.be\/alter-form\/wp-content\/uploads\/sites\/5\/2024\/03\/LogoForem_RS_noir-e1711532262256.jpg 404w\" sizes=\"(max-width: 228px) 100vw, 228px\" \/><\/a><a href=\"https:\/\/www.wallonie.be\/fr\"><img loading=\"lazy\" decoding=\"async\" class=\"alignnone wp-image-270\" src=\"https:\/\/mocliege.be\/alter-form\/wp-content\/uploads\/sites\/5\/2022\/11\/soutien_v_fr-e1711532469326-300x290.jpg\" alt=\"\" width=\"204\" height=\"198\" srcset=\"https:\/\/mocliege.be\/alter-form\/wp-content\/uploads\/sites\/5\/2022\/11\/soutien_v_fr-e1711532469326-300x290.jpg 300w, https:\/\/mocliege.be\/alter-form\/wp-content\/uploads\/sites\/5\/2022\/11\/soutien_v_fr-e1711532469326-768x742.jpg 768w, https:\/\/mocliege.be\/alter-form\/wp-content\/uploads\/sites\/5\/2022\/11\/soutien_v_fr-e1711532469326-64x62.jpg 64w, https:\/\/mocliege.be\/alter-form\/wp-content\/uploads\/sites\/5\/2022\/11\/soutien_v_fr-e1711532469326-250x242.jpg 250w, https:\/\/mocliege.be\/alter-form\/wp-content\/uploads\/sites\/5\/2022\/11\/soutien_v_fr-e1711532469326-78x75.jpg 78w, https:\/\/mocliege.be\/alter-form\/wp-content\/uploads\/sites\/5\/2022\/11\/soutien_v_fr-e1711532469326-150x145.jpg 150w, https:\/\/mocliege.be\/alter-form\/wp-content\/uploads\/sites\/5\/2022\/11\/soutien_v_fr-e1711532469326-450x435.jpg 450w, https:\/\/mocliege.be\/alter-form\/wp-content\/uploads\/sites\/5\/2022\/11\/soutien_v_fr-e1711532469326-600x580.jpg 600w, https:\/\/mocliege.be\/alter-form\/wp-content\/uploads\/sites\/5\/2022\/11\/soutien_v_fr-e1711532469326.jpg 798w\" sizes=\"(max-width: 204px) 100vw, 204px\" \/><\/a><a href=\"http:\/\/www.aid-com.be\"><img loading=\"lazy\" decoding=\"async\" class=\"alignnone wp-image-341\" src=\"https:\/\/mocliege.be\/alter-form\/wp-content\/uploads\/sites\/5\/2024\/03\/logo_aid.png-300x166.png\" alt=\"\" width=\"323\" height=\"179\" srcset=\"https:\/\/mocliege.be\/alter-form\/wp-content\/uploads\/sites\/5\/2024\/03\/logo_aid.png-300x166.png 300w, https:\/\/mocliege.be\/alter-form\/wp-content\/uploads\/sites\/5\/2024\/03\/logo_aid.png-64x35.png 64w, https:\/\/mocliege.be\/alter-form\/wp-content\/uploads\/sites\/5\/2024\/03\/logo_aid.png-250x138.png 250w, https:\/\/mocliege.be\/alter-form\/wp-content\/uploads\/sites\/5\/2024\/03\/logo_aid.png-120x66.png 120w, https:\/\/mocliege.be\/alter-form\/wp-content\/uploads\/sites\/5\/2024\/03\/logo_aid.png-150x83.png 150w, https:\/\/mocliege.be\/alter-form\/wp-content\/uploads\/sites\/5\/2024\/03\/logo_aid.png-450x248.png 450w, https:\/\/mocliege.be\/alter-form\/wp-content\/uploads\/sites\/5\/2024\/03\/logo_aid.png.png 585w\" sizes=\"(max-width: 323px) 100vw, 323px\" \/><\/a> \u00a0\u00a0\u00a0\u00a0\u00a0\u00a0\u00a0 <a href=\"http:\/\/cisp.be\"><img loading=\"lazy\" decoding=\"async\" class=\"alignnone wp-image-342\" src=\"https:\/\/mocliege.be\/alter-form\/wp-content\/uploads\/sites\/5\/2024\/03\/logo_cisp.png\" alt=\"\" width=\"153\" height=\"177\" srcset=\"https:\/\/mocliege.be\/alter-form\/wp-content\/uploads\/sites\/5\/2024\/03\/logo_cisp.png 128w, https:\/\/mocliege.be\/alter-form\/wp-content\/uploads\/sites\/5\/2024\/03\/logo_cisp-55x64.png 55w, https:\/\/mocliege.be\/alter-form\/wp-content\/uploads\/sites\/5\/2024\/03\/logo_cisp-65x75.png 65w\" sizes=\"(max-width: 153px) 100vw, 153px\" \/><\/a> \u00a0\u00a0\u00a0\u00a0\u00a0\u00a0\u00a0\u00a0\u00a0 <a href=\"https:\/\/emploi.wallonie.be\/home\/numerique\/digistart.html\"><img loading=\"lazy\" decoding=\"async\" class=\"alignnone wp-image-344\" src=\"https:\/\/mocliege.be\/alter-form\/wp-content\/uploads\/sites\/5\/2024\/03\/DIGISTART_logo-300x122.jpg\" alt=\"\" width=\"457\" height=\"186\" srcset=\"https:\/\/mocliege.be\/alter-form\/wp-content\/uploads\/sites\/5\/2024\/03\/DIGISTART_logo-300x122.jpg 300w, https:\/\/mocliege.be\/alter-form\/wp-content\/uploads\/sites\/5\/2024\/03\/DIGISTART_logo-1024x416.jpg 1024w, https:\/\/mocliege.be\/alter-form\/wp-content\/uploads\/sites\/5\/2024\/03\/DIGISTART_logo-768x312.jpg 768w, https:\/\/mocliege.be\/alter-form\/wp-content\/uploads\/sites\/5\/2024\/03\/DIGISTART_logo-1536x623.jpg 1536w, https:\/\/mocliege.be\/alter-form\/wp-content\/uploads\/sites\/5\/2024\/03\/DIGISTART_logo-2048x831.jpg 2048w, https:\/\/mocliege.be\/alter-form\/wp-content\/uploads\/sites\/5\/2024\/03\/DIGISTART_logo-64x26.jpg 64w, https:\/\/mocliege.be\/alter-form\/wp-content\/uploads\/sites\/5\/2024\/03\/DIGISTART_logo-250x101.jpg 250w, https:\/\/mocliege.be\/alter-form\/wp-content\/uploads\/sites\/5\/2024\/03\/DIGISTART_logo-120x49.jpg 120w, https:\/\/mocliege.be\/alter-form\/wp-content\/uploads\/sites\/5\/2024\/03\/DIGISTART_logo-150x61.jpg 150w, https:\/\/mocliege.be\/alter-form\/wp-content\/uploads\/sites\/5\/2024\/03\/DIGISTART_logo-450x183.jpg 450w, https:\/\/mocliege.be\/alter-form\/wp-content\/uploads\/sites\/5\/2024\/03\/DIGISTART_logo-600x244.jpg 600w, https:\/\/mocliege.be\/alter-form\/wp-content\/uploads\/sites\/5\/2024\/03\/DIGISTART_logo-1200x487.jpg 1200w\" sizes=\"(max-width: 457px) 100vw, 457px\" \/><\/a><\/p>\n","protected":false},"excerpt":{"rendered":"<p>Alter Form est un centre de formation professionnelle (Centre d\u2019insertion socioprofessionnelle) implant\u00e9 pour son action [&hellip;]<\/p>\n","protected":false},"author":1,"featured_media":0,"parent":0,"menu_order":0,"comment_status":"closed","ping_status":"closed","template":"template-accueil.php","meta":{"_monsterinsights_skip_tracking":false,"_monsterinsights_sitenote_active":false,"_monsterinsights_sitenote_note":"","_monsterinsights_sitenote_category":0,"footnotes":""},"acf":[],"yoast_head":"<!-- This site is optimized with the Yoast SEO plugin v19.14 - https:\/\/yoast.com\/wordpress\/plugins\/seo\/ -->\n<title>Accueil - Alter Form<\/title>\n<meta name=\"description\" content=\"Alter Form, situ\u00e9 \u00e0 Sclessin, propose des formations professionnelles de qualit\u00e9 pour devenir aide-soignante, magasinier cariste ou encore gros \u0153uvre du b\u00e2timent. D\u00e9couvrez \u00e9galement notre programme DigiStart pour d\u00e9velopper vos comp\u00e9tences num\u00e9riques. Rejoignez-nous pour b\u00e2tir un avenir prometteur.\" \/>\n<meta name=\"robots\" content=\"index, follow, max-snippet:-1, max-image-preview:large, max-video-preview:-1\" \/>\n<link rel=\"canonical\" href=\"https:\/\/mocliege.be\/alter-form\/\" \/>\n<meta property=\"og:locale\" content=\"fr_FR\" \/>\n<meta property=\"og:type\" content=\"article\" \/>\n<meta property=\"og:title\" content=\"Accueil - Alter Form\" \/>\n<meta property=\"og:description\" content=\"Alter Form, situ\u00e9 \u00e0 Sclessin, propose des formations professionnelles de qualit\u00e9 pour devenir aide-soignante, magasinier cariste ou encore gros \u0153uvre du b\u00e2timent. D\u00e9couvrez \u00e9galement notre programme DigiStart pour d\u00e9velopper vos comp\u00e9tences num\u00e9riques. Rejoignez-nous pour b\u00e2tir un avenir prometteur.\" \/>\n<meta property=\"og:url\" content=\"https:\/\/mocliege.be\/alter-form\/\" \/>\n<meta property=\"og:site_name\" content=\"Alter Form\" \/>\n<meta property=\"article:modified_time\" content=\"2025-10-28T15:10:52+00:00\" \/>\n<meta property=\"og:image\" content=\"https:\/\/mocliege.be\/alter-form\/wp-content\/uploads\/sites\/5\/2022\/11\/logo-Alter-Form-Decouvertes-et-Formations-300x246.jpg\" \/>\n<meta name=\"twitter:card\" content=\"summary_large_image\" \/>\n<meta name=\"twitter:label1\" content=\"Dur\u00e9e de lecture est.\" \/>\n\t<meta name=\"twitter:data1\" content=\"1 minute\" \/>\n<script type=\"application\/ld+json\" class=\"yoast-schema-graph\">{\"@context\":\"https:\/\/schema.org\",\"@graph\":[{\"@type\":\"WebPage\",\"@id\":\"https:\/\/mocliege.be\/alter-form\/\",\"url\":\"https:\/\/mocliege.be\/alter-form\/\",\"name\":\"Accueil - Alter Form\",\"isPartOf\":{\"@id\":\"https:\/\/mocliege.be\/alter-form\/#website\"},\"datePublished\":\"2019-01-09T10:39:20+00:00\",\"dateModified\":\"2025-10-28T15:10:52+00:00\",\"description\":\"Alter Form, situ\u00e9 \u00e0 Sclessin, propose des formations professionnelles de qualit\u00e9 pour devenir aide-soignante, magasinier cariste ou encore gros \u0153uvre du b\u00e2timent. D\u00e9couvrez \u00e9galement notre programme DigiStart pour d\u00e9velopper vos comp\u00e9tences num\u00e9riques. Rejoignez-nous pour b\u00e2tir un avenir prometteur.\",\"breadcrumb\":{\"@id\":\"https:\/\/mocliege.be\/alter-form\/#breadcrumb\"},\"inLanguage\":\"fr-BE\",\"potentialAction\":[{\"@type\":\"ReadAction\",\"target\":[\"https:\/\/mocliege.be\/alter-form\/\"]}]},{\"@type\":\"BreadcrumbList\",\"@id\":\"https:\/\/mocliege.be\/alter-form\/#breadcrumb\",\"itemListElement\":[{\"@type\":\"ListItem\",\"position\":1,\"name\":\"Accueil\",\"item\":\"https:\/\/mocliege.be\/alter-form\/\"},{\"@type\":\"ListItem\",\"position\":2,\"name\":\"Accueil\"}]},{\"@type\":\"WebSite\",\"@id\":\"https:\/\/mocliege.be\/alter-form\/#website\",\"url\":\"https:\/\/mocliege.be\/alter-form\/\",\"name\":\"Alter Form\",\"description\":\"Un site utilisant Sites du MOC - Li\u00e8ge\",\"potentialAction\":[{\"@type\":\"SearchAction\",\"target\":{\"@type\":\"EntryPoint\",\"urlTemplate\":\"https:\/\/mocliege.be\/alter-form\/?s={search_term_string}\"},\"query-input\":\"required name=search_term_string\"}],\"inLanguage\":\"fr-BE\"}]}<\/script>\n<!-- \/ Yoast SEO plugin. -->","yoast_head_json":{"title":"Accueil - Alter Form","description":"Alter Form, situ\u00e9 \u00e0 Sclessin, propose des formations professionnelles de qualit\u00e9 pour devenir aide-soignante, magasinier cariste ou encore gros \u0153uvre du b\u00e2timent. D\u00e9couvrez \u00e9galement notre programme DigiStart pour d\u00e9velopper vos comp\u00e9tences num\u00e9riques. Rejoignez-nous pour b\u00e2tir un avenir prometteur.","robots":{"index":"index","follow":"follow","max-snippet":"max-snippet:-1","max-image-preview":"max-image-preview:large","max-video-preview":"max-video-preview:-1"},"canonical":"https:\/\/mocliege.be\/alter-form\/","og_locale":"fr_FR","og_type":"article","og_title":"Accueil - Alter Form","og_description":"Alter Form, situ\u00e9 \u00e0 Sclessin, propose des formations professionnelles de qualit\u00e9 pour devenir aide-soignante, magasinier cariste ou encore gros \u0153uvre du b\u00e2timent. D\u00e9couvrez \u00e9galement notre programme DigiStart pour d\u00e9velopper vos comp\u00e9tences num\u00e9riques. Rejoignez-nous pour b\u00e2tir un avenir prometteur.","og_url":"https:\/\/mocliege.be\/alter-form\/","og_site_name":"Alter Form","article_modified_time":"2025-10-28T15:10:52+00:00","og_image":[{"url":"https:\/\/mocliege.be\/alter-form\/wp-content\/uploads\/sites\/5\/2022\/11\/logo-Alter-Form-Decouvertes-et-Formations-300x246.jpg"}],"twitter_card":"summary_large_image","twitter_misc":{"Dur\u00e9e de lecture est.":"1 minute"},"schema":{"@context":"https:\/\/schema.org","@graph":[{"@type":"WebPage","@id":"https:\/\/mocliege.be\/alter-form\/","url":"https:\/\/mocliege.be\/alter-form\/","name":"Accueil - Alter Form","isPartOf":{"@id":"https:\/\/mocliege.be\/alter-form\/#website"},"datePublished":"2019-01-09T10:39:20+00:00","dateModified":"2025-10-28T15:10:52+00:00","description":"Alter Form, situ\u00e9 \u00e0 Sclessin, propose des formations professionnelles de qualit\u00e9 pour devenir aide-soignante, magasinier cariste ou encore gros \u0153uvre du b\u00e2timent. D\u00e9couvrez \u00e9galement notre programme DigiStart pour d\u00e9velopper vos comp\u00e9tences num\u00e9riques. Rejoignez-nous pour b\u00e2tir un avenir prometteur.","breadcrumb":{"@id":"https:\/\/mocliege.be\/alter-form\/#breadcrumb"},"inLanguage":"fr-BE","potentialAction":[{"@type":"ReadAction","target":["https:\/\/mocliege.be\/alter-form\/"]}]},{"@type":"BreadcrumbList","@id":"https:\/\/mocliege.be\/alter-form\/#breadcrumb","itemListElement":[{"@type":"ListItem","position":1,"name":"Accueil","item":"https:\/\/mocliege.be\/alter-form\/"},{"@type":"ListItem","position":2,"name":"Accueil"}]},{"@type":"WebSite","@id":"https:\/\/mocliege.be\/alter-form\/#website","url":"https:\/\/mocliege.be\/alter-form\/","name":"Alter Form","description":"Un site utilisant Sites du MOC - Li\u00e8ge","potentialAction":[{"@type":"SearchAction","target":{"@type":"EntryPoint","urlTemplate":"https:\/\/mocliege.be\/alter-form\/?s={search_term_string}"},"query-input":"required name=search_term_string"}],"inLanguage":"fr-BE"}]}},"_links":{"self":[{"href":"https:\/\/mocliege.be\/alter-form\/wp-json\/wp\/v2\/pages\/4"}],"collection":[{"href":"https:\/\/mocliege.be\/alter-form\/wp-json\/wp\/v2\/pages"}],"about":[{"href":"https:\/\/mocliege.be\/alter-form\/wp-json\/wp\/v2\/types\/page"}],"author":[{"embeddable":true,"href":"https:\/\/mocliege.be\/alter-form\/wp-json\/wp\/v2\/users\/1"}],"replies":[{"embeddable":true,"href":"https:\/\/mocliege.be\/alter-form\/wp-json\/wp\/v2\/comments?post=4"}],"version-history":[{"count":55,"href":"https:\/\/mocliege.be\/alter-form\/wp-json\/wp\/v2\/pages\/4\/revisions"}],"predecessor-version":[{"id":523,"href":"https:\/\/mocliege.be\/alter-form\/wp-json\/wp\/v2\/pages\/4\/revisions\/523"}],"wp:attachment":[{"href":"https:\/\/mocliege.be\/alter-form\/wp-json\/wp\/v2\/media?parent=4"}],"curies":[{"name":"wp","href":"https:\/\/api.w.org\/{rel}","templated":true}]}}