{"id":404,"date":"2024-04-04T14:20:15","date_gmt":"2024-04-04T12:20:15","guid":{"rendered":"https:\/\/mocliege.be\/alter-form\/?page_id=404"},"modified":"2024-04-09T10:13:21","modified_gmt":"2024-04-09T08:13:21","slug":"acces-au-site","status":"publish","type":"page","link":"https:\/\/mocliege.be\/alter-form\/acces-au-site\/","title":{"rendered":"Acc\u00e8s au site"},"content":{"rendered":"<h1>Pour se rendre en transport en commun \u00e0 Alter Form vous pouvez :<\/h1>\n<h3><strong>1.<\/strong> Prendre les bus <strong>2<\/strong> et <strong>3<\/strong> jusqu\u2019\u00e0 l&rsquo;arr\u00eat \u00ab\u00a0Sclessin &#8211; Rue de la Barge\u00a0\u00bb<\/h3>\n<p><span style=\"color: #ff6600\"><img loading=\"lazy\" decoding=\"async\" class=\"alignnone wp-image-395\" src=\"https:\/\/mocliege.be\/alter-form\/wp-content\/uploads\/sites\/5\/2024\/04\/Capture-decran-2024-04-04-134848-300x168.png\" alt=\"itineraire rue de la barge alter form\" width=\"800\" height=\"448\" srcset=\"https:\/\/mocliege.be\/alter-form\/wp-content\/uploads\/sites\/5\/2024\/04\/Capture-decran-2024-04-04-134848-300x168.png 300w, https:\/\/mocliege.be\/alter-form\/wp-content\/uploads\/sites\/5\/2024\/04\/Capture-decran-2024-04-04-134848-768x431.png 768w, https:\/\/mocliege.be\/alter-form\/wp-content\/uploads\/sites\/5\/2024\/04\/Capture-decran-2024-04-04-134848-64x36.png 64w, https:\/\/mocliege.be\/alter-form\/wp-content\/uploads\/sites\/5\/2024\/04\/Capture-decran-2024-04-04-134848-250x140.png 250w, https:\/\/mocliege.be\/alter-form\/wp-content\/uploads\/sites\/5\/2024\/04\/Capture-decran-2024-04-04-134848-120x67.png 120w, https:\/\/mocliege.be\/alter-form\/wp-content\/uploads\/sites\/5\/2024\/04\/Capture-decran-2024-04-04-134848-150x84.png 150w, https:\/\/mocliege.be\/alter-form\/wp-content\/uploads\/sites\/5\/2024\/04\/Capture-decran-2024-04-04-134848-450x253.png 450w, https:\/\/mocliege.be\/alter-form\/wp-content\/uploads\/sites\/5\/2024\/04\/Capture-decran-2024-04-04-134848-600x337.png 600w, https:\/\/mocliege.be\/alter-form\/wp-content\/uploads\/sites\/5\/2024\/04\/Capture-decran-2024-04-04-134848.png 917w\" sizes=\"(max-width: 800px) 100vw, 800px\" \/><\/span><\/p>\n<h3><strong>2.<\/strong> Prendre les bus <strong>9<\/strong> , <strong>27<\/strong>, <strong>90<\/strong>, <strong>94<\/strong> ou<strong> 58<\/strong> jusqu&rsquo;\u00e0 l&rsquo;arr\u00eat \u00ab\u00a0Sclessin &#8211; Standard\u00a0\u00bb<\/h3>\n<p><span style=\"color: #ff0000\"><strong>Arr\u00eat momentan\u00e9ment indisponible (travaux du tram) privil\u00e9giez les bus 2 et 3<\/strong><\/span><\/p>\n<p><img loading=\"lazy\" decoding=\"async\" class=\"alignnone wp-image-396\" src=\"https:\/\/mocliege.be\/alter-form\/wp-content\/uploads\/sites\/5\/2024\/04\/Capture-decran-2024-04-04-134948-300x217.png\" alt=\"itineraire sclessin standard alter form\" width=\"801\" height=\"579\" srcset=\"https:\/\/mocliege.be\/alter-form\/wp-content\/uploads\/sites\/5\/2024\/04\/Capture-decran-2024-04-04-134948-300x217.png 300w, https:\/\/mocliege.be\/alter-form\/wp-content\/uploads\/sites\/5\/2024\/04\/Capture-decran-2024-04-04-134948-768x556.png 768w, https:\/\/mocliege.be\/alter-form\/wp-content\/uploads\/sites\/5\/2024\/04\/Capture-decran-2024-04-04-134948-64x46.png 64w, https:\/\/mocliege.be\/alter-form\/wp-content\/uploads\/sites\/5\/2024\/04\/Capture-decran-2024-04-04-134948-250x181.png 250w, https:\/\/mocliege.be\/alter-form\/wp-content\/uploads\/sites\/5\/2024\/04\/Capture-decran-2024-04-04-134948-104x75.png 104w, https:\/\/mocliege.be\/alter-form\/wp-content\/uploads\/sites\/5\/2024\/04\/Capture-decran-2024-04-04-134948-150x109.png 150w, https:\/\/mocliege.be\/alter-form\/wp-content\/uploads\/sites\/5\/2024\/04\/Capture-decran-2024-04-04-134948-450x326.png 450w, https:\/\/mocliege.be\/alter-form\/wp-content\/uploads\/sites\/5\/2024\/04\/Capture-decran-2024-04-04-134948-600x434.png 600w, https:\/\/mocliege.be\/alter-form\/wp-content\/uploads\/sites\/5\/2024\/04\/Capture-decran-2024-04-04-134948.png 1004w\" sizes=\"(max-width: 801px) 100vw, 801px\" \/><\/p>\n<h3><strong>3.<\/strong> Prendre le train jusqu&rsquo;\u00e0 l&rsquo;arr\u00eat \u00ab\u00a0Sclessin\u00a0\u00bb<\/h3>\n<p><img loading=\"lazy\" decoding=\"async\" class=\"alignnone wp-image-394\" src=\"https:\/\/mocliege.be\/alter-form\/wp-content\/uploads\/sites\/5\/2024\/04\/Capture-decran-2024-04-04-134808-300x189.png\" alt=\"itineraire gare de sclessin alter form\" width=\"800\" height=\"504\" srcset=\"https:\/\/mocliege.be\/alter-form\/wp-content\/uploads\/sites\/5\/2024\/04\/Capture-decran-2024-04-04-134808-300x189.png 300w, https:\/\/mocliege.be\/alter-form\/wp-content\/uploads\/sites\/5\/2024\/04\/Capture-decran-2024-04-04-134808-1024x644.png 1024w, https:\/\/mocliege.be\/alter-form\/wp-content\/uploads\/sites\/5\/2024\/04\/Capture-decran-2024-04-04-134808-768x483.png 768w, https:\/\/mocliege.be\/alter-form\/wp-content\/uploads\/sites\/5\/2024\/04\/Capture-decran-2024-04-04-134808-64x40.png 64w, https:\/\/mocliege.be\/alter-form\/wp-content\/uploads\/sites\/5\/2024\/04\/Capture-decran-2024-04-04-134808-250x157.png 250w, https:\/\/mocliege.be\/alter-form\/wp-content\/uploads\/sites\/5\/2024\/04\/Capture-decran-2024-04-04-134808-120x75.png 120w, https:\/\/mocliege.be\/alter-form\/wp-content\/uploads\/sites\/5\/2024\/04\/Capture-decran-2024-04-04-134808-150x94.png 150w, https:\/\/mocliege.be\/alter-form\/wp-content\/uploads\/sites\/5\/2024\/04\/Capture-decran-2024-04-04-134808-450x283.png 450w, https:\/\/mocliege.be\/alter-form\/wp-content\/uploads\/sites\/5\/2024\/04\/Capture-decran-2024-04-04-134808-600x377.png 600w, https:\/\/mocliege.be\/alter-form\/wp-content\/uploads\/sites\/5\/2024\/04\/Capture-decran-2024-04-04-134808-1200x755.png 1200w, https:\/\/mocliege.be\/alter-form\/wp-content\/uploads\/sites\/5\/2024\/04\/Capture-decran-2024-04-04-134808.png 1218w\" sizes=\"(max-width: 800px) 100vw, 800px\" \/><\/p>\n<h3>Pour consulter les horaires des trains et bus, rendez-vous sur les sites de la SNCB et de la TEC :<\/h3>\n<p><a href=\"https:\/\/www.belgiantrain.be\/fr\/travel-info\/current\/current-departure-times\"><img loading=\"lazy\" decoding=\"async\" class=\"alignnone wp-image-398\" src=\"https:\/\/mocliege.be\/alter-form\/wp-content\/uploads\/sites\/5\/2024\/04\/logo-sncb-300x300.png\" alt=\"logo sncb\" width=\"200\" height=\"200\" srcset=\"https:\/\/mocliege.be\/alter-form\/wp-content\/uploads\/sites\/5\/2024\/04\/logo-sncb-300x300.png 300w, https:\/\/mocliege.be\/alter-form\/wp-content\/uploads\/sites\/5\/2024\/04\/logo-sncb-150x150.png 150w, https:\/\/mocliege.be\/alter-form\/wp-content\/uploads\/sites\/5\/2024\/04\/logo-sncb-768x768.png 768w, https:\/\/mocliege.be\/alter-form\/wp-content\/uploads\/sites\/5\/2024\/04\/logo-sncb-64x64.png 64w, https:\/\/mocliege.be\/alter-form\/wp-content\/uploads\/sites\/5\/2024\/04\/logo-sncb-250x250.png 250w, https:\/\/mocliege.be\/alter-form\/wp-content\/uploads\/sites\/5\/2024\/04\/logo-sncb-75x75.png 75w, https:\/\/mocliege.be\/alter-form\/wp-content\/uploads\/sites\/5\/2024\/04\/logo-sncb-450x450.png 450w, https:\/\/mocliege.be\/alter-form\/wp-content\/uploads\/sites\/5\/2024\/04\/logo-sncb-600x600.png 600w, https:\/\/mocliege.be\/alter-form\/wp-content\/uploads\/sites\/5\/2024\/04\/logo-sncb.png 800w\" sizes=\"(max-width: 200px) 100vw, 200px\" \/><\/a> \u00a0\u00a0 <a href=\"https:\/\/www.letec.be\/View\/Recherche_dhoraires\/68\"><img loading=\"lazy\" decoding=\"async\" class=\"alignnone wp-image-397\" src=\"https:\/\/mocliege.be\/alter-form\/wp-content\/uploads\/sites\/5\/2024\/04\/TEC-logo-300x300.jpg\" alt=\"logo tec\" width=\"200\" height=\"200\" srcset=\"https:\/\/mocliege.be\/alter-form\/wp-content\/uploads\/sites\/5\/2024\/04\/TEC-logo-300x300.jpg 300w, https:\/\/mocliege.be\/alter-form\/wp-content\/uploads\/sites\/5\/2024\/04\/TEC-logo-1024x1024.jpg 1024w, https:\/\/mocliege.be\/alter-form\/wp-content\/uploads\/sites\/5\/2024\/04\/TEC-logo-150x150.jpg 150w, https:\/\/mocliege.be\/alter-form\/wp-content\/uploads\/sites\/5\/2024\/04\/TEC-logo-768x768.jpg 768w, https:\/\/mocliege.be\/alter-form\/wp-content\/uploads\/sites\/5\/2024\/04\/TEC-logo-64x64.jpg 64w, https:\/\/mocliege.be\/alter-form\/wp-content\/uploads\/sites\/5\/2024\/04\/TEC-logo-250x250.jpg 250w, https:\/\/mocliege.be\/alter-form\/wp-content\/uploads\/sites\/5\/2024\/04\/TEC-logo-75x75.jpg 75w, https:\/\/mocliege.be\/alter-form\/wp-content\/uploads\/sites\/5\/2024\/04\/TEC-logo-450x450.jpg 450w, https:\/\/mocliege.be\/alter-form\/wp-content\/uploads\/sites\/5\/2024\/04\/TEC-logo-600x600.jpg 600w, https:\/\/mocliege.be\/alter-form\/wp-content\/uploads\/sites\/5\/2024\/04\/TEC-logo-1200x1200.jpg 1200w, https:\/\/mocliege.be\/alter-form\/wp-content\/uploads\/sites\/5\/2024\/04\/TEC-logo.jpg 1447w\" sizes=\"(max-width: 200px) 100vw, 200px\" \/><\/a><\/p>\n","protected":false},"excerpt":{"rendered":"<p>Pour se rendre en transport en commun \u00e0 Alter Form vous pouvez : 1. Prendre [&hellip;]<\/p>\n","protected":false},"author":36,"featured_media":0,"parent":0,"menu_order":0,"comment_status":"closed","ping_status":"closed","template":"template-about.php","meta":{"_monsterinsights_skip_tracking":false,"_monsterinsights_sitenote_active":false,"_monsterinsights_sitenote_note":"","_monsterinsights_sitenote_category":0,"footnotes":""},"acf":[],"yoast_head":"<!-- This site is optimized with the Yoast SEO plugin v19.14 - https:\/\/yoast.com\/wordpress\/plugins\/seo\/ -->\n<title>Acc\u00e8s au site - Alter Form<\/title>\n<meta name=\"description\" content=\"Voici un petit tutoriel qui indique comment se rendre chez Alter Form en transports en commun (bus et train).\" \/>\n<meta name=\"robots\" content=\"index, follow, max-snippet:-1, max-image-preview:large, max-video-preview:-1\" \/>\n<link rel=\"canonical\" href=\"https:\/\/mocliege.be\/alter-form\/acces-au-site\/\" \/>\n<meta property=\"og:locale\" content=\"fr_FR\" \/>\n<meta property=\"og:type\" content=\"article\" \/>\n<meta property=\"og:title\" content=\"Acc\u00e8s au site - Alter Form\" \/>\n<meta property=\"og:description\" content=\"Voici un petit tutoriel qui indique comment se rendre chez Alter Form en transports en commun (bus et train).\" \/>\n<meta property=\"og:url\" content=\"https:\/\/mocliege.be\/alter-form\/acces-au-site\/\" \/>\n<meta property=\"og:site_name\" content=\"Alter Form\" \/>\n<meta property=\"article:modified_time\" content=\"2024-04-09T08:13:21+00:00\" \/>\n<meta property=\"og:image\" content=\"https:\/\/mocliege.be\/alter-form\/wp-content\/uploads\/sites\/5\/2024\/04\/Capture-decran-2024-04-04-134848-300x168.png\" \/>\n<meta name=\"twitter:card\" content=\"summary_large_image\" \/>\n<meta name=\"twitter:label1\" content=\"Dur\u00e9e de lecture est.\" \/>\n\t<meta name=\"twitter:data1\" content=\"1 minute\" \/>\n<script type=\"application\/ld+json\" class=\"yoast-schema-graph\">{\"@context\":\"https:\/\/schema.org\",\"@graph\":[{\"@type\":\"WebPage\",\"@id\":\"https:\/\/mocliege.be\/alter-form\/acces-au-site\/\",\"url\":\"https:\/\/mocliege.be\/alter-form\/acces-au-site\/\",\"name\":\"Acc\u00e8s au site - Alter Form\",\"isPartOf\":{\"@id\":\"https:\/\/mocliege.be\/alter-form\/#website\"},\"datePublished\":\"2024-04-04T12:20:15+00:00\",\"dateModified\":\"2024-04-09T08:13:21+00:00\",\"description\":\"Voici un petit tutoriel qui indique comment se rendre chez Alter Form en transports en commun (bus et train).\",\"breadcrumb\":{\"@id\":\"https:\/\/mocliege.be\/alter-form\/acces-au-site\/#breadcrumb\"},\"inLanguage\":\"fr-BE\",\"potentialAction\":[{\"@type\":\"ReadAction\",\"target\":[\"https:\/\/mocliege.be\/alter-form\/acces-au-site\/\"]}]},{\"@type\":\"BreadcrumbList\",\"@id\":\"https:\/\/mocliege.be\/alter-form\/acces-au-site\/#breadcrumb\",\"itemListElement\":[{\"@type\":\"ListItem\",\"position\":1,\"name\":\"Accueil\",\"item\":\"https:\/\/mocliege.be\/alter-form\/\"},{\"@type\":\"ListItem\",\"position\":2,\"name\":\"Acc\u00e8s au site\"}]},{\"@type\":\"WebSite\",\"@id\":\"https:\/\/mocliege.be\/alter-form\/#website\",\"url\":\"https:\/\/mocliege.be\/alter-form\/\",\"name\":\"Alter Form\",\"description\":\"Un site utilisant Sites du MOC - Li\u00e8ge\",\"potentialAction\":[{\"@type\":\"SearchAction\",\"target\":{\"@type\":\"EntryPoint\",\"urlTemplate\":\"https:\/\/mocliege.be\/alter-form\/?s={search_term_string}\"},\"query-input\":\"required name=search_term_string\"}],\"inLanguage\":\"fr-BE\"}]}<\/script>\n<!-- \/ Yoast SEO plugin. -->","yoast_head_json":{"title":"Acc\u00e8s au site - Alter Form","description":"Voici un petit tutoriel qui indique comment se rendre chez Alter Form en transports en commun (bus et train).","robots":{"index":"index","follow":"follow","max-snippet":"max-snippet:-1","max-image-preview":"max-image-preview:large","max-video-preview":"max-video-preview:-1"},"canonical":"https:\/\/mocliege.be\/alter-form\/acces-au-site\/","og_locale":"fr_FR","og_type":"article","og_title":"Acc\u00e8s au site - Alter Form","og_description":"Voici un petit tutoriel qui indique comment se rendre chez Alter Form en transports en commun (bus et train).","og_url":"https:\/\/mocliege.be\/alter-form\/acces-au-site\/","og_site_name":"Alter Form","article_modified_time":"2024-04-09T08:13:21+00:00","og_image":[{"url":"https:\/\/mocliege.be\/alter-form\/wp-content\/uploads\/sites\/5\/2024\/04\/Capture-decran-2024-04-04-134848-300x168.png"}],"twitter_card":"summary_large_image","twitter_misc":{"Dur\u00e9e de lecture est.":"1 minute"},"schema":{"@context":"https:\/\/schema.org","@graph":[{"@type":"WebPage","@id":"https:\/\/mocliege.be\/alter-form\/acces-au-site\/","url":"https:\/\/mocliege.be\/alter-form\/acces-au-site\/","name":"Acc\u00e8s au site - Alter Form","isPartOf":{"@id":"https:\/\/mocliege.be\/alter-form\/#website"},"datePublished":"2024-04-04T12:20:15+00:00","dateModified":"2024-04-09T08:13:21+00:00","description":"Voici un petit tutoriel qui indique comment se rendre chez Alter Form en transports en commun (bus et train).","breadcrumb":{"@id":"https:\/\/mocliege.be\/alter-form\/acces-au-site\/#breadcrumb"},"inLanguage":"fr-BE","potentialAction":[{"@type":"ReadAction","target":["https:\/\/mocliege.be\/alter-form\/acces-au-site\/"]}]},{"@type":"BreadcrumbList","@id":"https:\/\/mocliege.be\/alter-form\/acces-au-site\/#breadcrumb","itemListElement":[{"@type":"ListItem","position":1,"name":"Accueil","item":"https:\/\/mocliege.be\/alter-form\/"},{"@type":"ListItem","position":2,"name":"Acc\u00e8s au site"}]},{"@type":"WebSite","@id":"https:\/\/mocliege.be\/alter-form\/#website","url":"https:\/\/mocliege.be\/alter-form\/","name":"Alter Form","description":"Un site utilisant Sites du MOC - Li\u00e8ge","potentialAction":[{"@type":"SearchAction","target":{"@type":"EntryPoint","urlTemplate":"https:\/\/mocliege.be\/alter-form\/?s={search_term_string}"},"query-input":"required name=search_term_string"}],"inLanguage":"fr-BE"}]}},"_links":{"self":[{"href":"https:\/\/mocliege.be\/alter-form\/wp-json\/wp\/v2\/pages\/404"}],"collection":[{"href":"https:\/\/mocliege.be\/alter-form\/wp-json\/wp\/v2\/pages"}],"about":[{"href":"https:\/\/mocliege.be\/alter-form\/wp-json\/wp\/v2\/types\/page"}],"author":[{"embeddable":true,"href":"https:\/\/mocliege.be\/alter-form\/wp-json\/wp\/v2\/users\/36"}],"replies":[{"embeddable":true,"href":"https:\/\/mocliege.be\/alter-form\/wp-json\/wp\/v2\/comments?post=404"}],"version-history":[{"count":6,"href":"https:\/\/mocliege.be\/alter-form\/wp-json\/wp\/v2\/pages\/404\/revisions"}],"predecessor-version":[{"id":415,"href":"https:\/\/mocliege.be\/alter-form\/wp-json\/wp\/v2\/pages\/404\/revisions\/415"}],"wp:attachment":[{"href":"https:\/\/mocliege.be\/alter-form\/wp-json\/wp\/v2\/media?parent=404"}],"curies":[{"name":"wp","href":"https:\/\/api.w.org\/{rel}","templated":true}]}}