{"id":11,"date":"2018-10-17T09:55:58","date_gmt":"2018-10-17T07:55:58","guid":{"rendered":"https:\/\/dev.petithanb.be\/moc\/graines\/?page_id=11"},"modified":"2019-09-09T15:39:17","modified_gmt":"2019-09-09T13:39:17","slug":"volontaires","status":"publish","type":"page","link":"https:\/\/mocliege.be\/graines\/volontaires\/","title":{"rendered":"Volontaires"},"content":{"rendered":"<h1>Nous recherchons des volontaires<\/h1>\n<div class=\"row gallery\">\n\t\t<div class=\"col-6 col-md-4\">\n\t\t<div class=\"gallery-image-wrap\">\n\t\t<a data-gallery=\"gallery\" href=\"https:\/\/mocliege.be\/graines\/wp-content\/uploads\/sites\/4\/2019\/01\/B\u00c7n\u00c7vole-Chantale.jpg\">\n\t\t<img decoding=\"async\" src=\"https:\/\/mocliege.be\/graines\/wp-content\/uploads\/sites\/4\/2019\/01\/B\u00c7n\u00c7vole-Chantale.jpg\" alt=\"\" class=\"img-responsive\">\n\t\t<\/a>\n\t\t<\/div>\n\t\t<\/div>\n\t\t<div class=\"col-6 col-md-4\">\n\t\t<div class=\"gallery-image-wrap\">\n\t\t<a data-gallery=\"gallery\" href=\"https:\/\/mocliege.be\/graines\/wp-content\/uploads\/sites\/4\/2019\/01\/B\u00c7nvole-1.jpg\">\n\t\t<img decoding=\"async\" src=\"https:\/\/mocliege.be\/graines\/wp-content\/uploads\/sites\/4\/2019\/01\/B\u00c7nvole-1.jpg\" alt=\"\" class=\"img-responsive\">\n\t\t<\/a>\n\t\t<\/div>\n\t\t<\/div>\n\t\t<div class=\"col-6 col-md-4\">\n\t\t<div class=\"gallery-image-wrap\">\n\t\t<a data-gallery=\"gallery\" href=\"https:\/\/mocliege.be\/graines\/wp-content\/uploads\/sites\/4\/2019\/01\/B\u00c7n\u00c7vole-Mich\u00e4le.jpg\">\n\t\t<img decoding=\"async\" src=\"https:\/\/mocliege.be\/graines\/wp-content\/uploads\/sites\/4\/2019\/01\/B\u00c7n\u00c7vole-Mich\u00e4le.jpg\" alt=\"\" class=\"img-responsive\">\n\t\t<\/a>\n\t\t<\/div>\n\t\t<\/div><\/div>\n<h2>Chantal, Nicole et Mich\u00e8le : l&rsquo;histoire de trois volontaires<\/h2>\n<p>L&rsquo;ASBL Graines de g\u00e9nie, \u00e9cole de devoirs, accueille des enfants de 5 \u00e0 13 ans. Ces enfants apprennent 4 jours par semaine \u00e0 se connaitre, \u00e0 s\u2019\u00e9panouir, \u00e0 \u00eatre cr\u00e9atifs, \u00e0 prendre confiance en eux et \u00e0 devenir les citoyens de demain.<\/p>\n<p>Au fil des ann\u00e9es, les activit\u00e9s se sont diversifi\u00e9es et le nombre d&rsquo;enfants a augment\u00e9. Pour pallier \u00e0 cela, <strong><em>Graines de G\u00e9nie a fait et fait toujours appel \u00e0 des<\/em><\/strong> <strong><em>volontaires soucieux d&rsquo;accompagner l&rsquo;enfant<\/em><\/strong> dans son \u00e9veil. Chantal, Nicole et Mich\u00e8le sont trois volontaires, qui exercent leur activit\u00e9 au sein de l&rsquo;\u00e9cole de devoirs.<\/p>\n<p>Malgr\u00e9 leurs parcours professionnels diff\u00e9rents, elles sont d&rsquo;accord sur un point : L&rsquo;envie de rester active dans la soci\u00e9t\u00e9 et cela apr\u00e8s leur retraite. Que \u00e7a soit \u00ab\u00a0pour entretenir ma m\u00e9moire\u00a0\u00bb comme Nicole nous le rapporte ou pour \u00ab\u00a0d\u00e9couvrir des probl\u00e9matiques\u00a0\u00bb. Chantal, isol\u00e9e socialement, se dit \u00ab\u00a0heureuse de venir \u00e0 Graines de G\u00e9nie\u00a0\u00bb, elle se sent \u00ab\u00a0utile et est reconnaissante\u00a0\u00bb.<\/p>\n<p>Mich\u00e8le nous dit qu&rsquo;elle avait \u00e9galement envie de \u00ab\u00a0faire quelque chose pour d\u2019autres, d&rsquo;occuper mon temps libre de fa\u00e7on enrichissante et surtout garder une place dans la soci\u00e9t\u00e9 active\u00a0\u00bb.<\/p>\n<p>Pour pouvoir au mieux accompagner les enfants au quotidien, dans les activit\u00e9s et lors du temps \u00ab\u00a0devoirs\u00a0\u00bb, Graines de G\u00e9nie \u00e0 besoin de volontaires comme Chantal, Nicole et Mich\u00e8le.<\/p>\n<p>Lorsque Chantal est \u00e0 l&rsquo;\u00e9cole de devoirs, elle pr\u00e9pare le go\u00fbter pour les enfants et les encadre lors des temps libres. Comme ses coll\u00e8gues Nicole et Mich\u00e8le, elle accompagne\u00a0 \u00e9galement les enfants dans leurs devoirs.<\/p>\n<p>Mich\u00e8le et Nicole, retrait\u00e9es \u00e9galement, viennent une fois par semaine, le mardi. Nicole nous dit que ce qui l&rsquo;anime, c&rsquo;est\u00a0 \u00ab\u00a0de transmettre mes savoirs aupr\u00e8s des enfants. Pour qu&rsquo;ils puissent \u00e0 termes obtenir leur Certificat d&rsquo;Etude de Base (CEB).<\/p>\n<p>Mich\u00e8le valide en ajoutant qu&rsquo;aider des enfants en difficult\u00e9s \u00e9tait un facteur pour lequel elle s&rsquo;\u00e9tait engag\u00e9e dans son activit\u00e9 de volontaire \u00e0 Graines de G\u00e9nie.<\/p>\n<p>Qu&rsquo;elles furent professeur de Latin comme Mich\u00e8le, dans les assurances comme Nicole ou bien maman au foyer comme Chantal, toutes soulignent le bienfait que leur apporte leur activit\u00e9 de volontaire au sein de l&rsquo;\u00e9cole de devoirs \u00ab\u00a0Graines de G\u00e9nie\u00a0\u00bb. En d\u00e9couvrant de nouvelles choses, en accompagnant les enfants, elles se sentent utiles dans une soci\u00e9t\u00e9 qui laisse bien trop souvent les personnes retrait\u00e9es et les enfants en difficult\u00e9 sur le c\u00f4t\u00e9.<\/p>\n<p>Si comme Nicole, Mich\u00e8le ou Chantal vous avez envie d\u2019accompagner des enfants dans leurs devoirs, vous pouvez contact\u00e9 la coordinatrice\u00a0: Janssen Fran\u00e7oise au 0498\/17.18.53 \u2013 <a href=\"mailto:janssen@mocliege.org\">janssen@mocliege.org<\/a><\/p>\n<p>&nbsp;<\/p>\n","protected":false},"excerpt":{"rendered":"<p>Nous recherchons des volontaires Chantal, Nicole et Mich\u00e8le : l&rsquo;histoire de trois volontaires L&rsquo;ASBL Graines [&hellip;]<\/p>\n","protected":false},"author":1,"featured_media":0,"parent":0,"menu_order":0,"comment_status":"closed","ping_status":"closed","template":"template-about.php","meta":{"_monsterinsights_skip_tracking":false,"_monsterinsights_sitenote_active":false,"_monsterinsights_sitenote_note":"","_monsterinsights_sitenote_category":0,"footnotes":""},"acf":[],"yoast_head":"<!-- This site is optimized with the Yoast SEO plugin v19.14 - https:\/\/yoast.com\/wordpress\/plugins\/seo\/ -->\n<title>Volontaires - Graines de g\u00e9nie<\/title>\n<meta name=\"robots\" content=\"index, follow, max-snippet:-1, max-image-preview:large, max-video-preview:-1\" \/>\n<link rel=\"canonical\" href=\"https:\/\/mocliege.be\/graines\/volontaires\/\" \/>\n<meta property=\"og:locale\" content=\"fr_FR\" \/>\n<meta property=\"og:type\" content=\"article\" \/>\n<meta property=\"og:title\" content=\"Volontaires - Graines de g\u00e9nie\" \/>\n<meta property=\"og:description\" content=\"Nous recherchons des volontaires Chantal, Nicole et Mich\u00e8le : l&rsquo;histoire de trois volontaires L&rsquo;ASBL Graines [&hellip;]\" \/>\n<meta property=\"og:url\" content=\"https:\/\/mocliege.be\/graines\/volontaires\/\" \/>\n<meta property=\"og:site_name\" content=\"Graines de g\u00e9nie\" \/>\n<meta property=\"article:modified_time\" content=\"2019-09-09T13:39:17+00:00\" \/>\n<meta property=\"og:image\" content=\"https:\/\/mocliege.be\/graines\/wp-content\/uploads\/sites\/4\/2019\/01\/B\u00c7n\u00c7vole-Chantale.jpg\" \/>\n<meta name=\"twitter:card\" content=\"summary_large_image\" \/>\n<meta name=\"twitter:label1\" content=\"Dur\u00e9e de lecture estim\u00e9e\" \/>\n\t<meta name=\"twitter:data1\" content=\"2 minutes\" \/>\n<script type=\"application\/ld+json\" class=\"yoast-schema-graph\">{\"@context\":\"https:\/\/schema.org\",\"@graph\":[{\"@type\":\"WebPage\",\"@id\":\"https:\/\/mocliege.be\/graines\/volontaires\/\",\"url\":\"https:\/\/mocliege.be\/graines\/volontaires\/\",\"name\":\"Volontaires - Graines de g\u00e9nie\",\"isPartOf\":{\"@id\":\"https:\/\/mocliege.be\/graines\/#website\"},\"datePublished\":\"2018-10-17T07:55:58+00:00\",\"dateModified\":\"2019-09-09T13:39:17+00:00\",\"breadcrumb\":{\"@id\":\"https:\/\/mocliege.be\/graines\/volontaires\/#breadcrumb\"},\"inLanguage\":\"fr-FR\",\"potentialAction\":[{\"@type\":\"ReadAction\",\"target\":[\"https:\/\/mocliege.be\/graines\/volontaires\/\"]}]},{\"@type\":\"BreadcrumbList\",\"@id\":\"https:\/\/mocliege.be\/graines\/volontaires\/#breadcrumb\",\"itemListElement\":[{\"@type\":\"ListItem\",\"position\":1,\"name\":\"Accueil\",\"item\":\"https:\/\/mocliege.be\/graines\/\"},{\"@type\":\"ListItem\",\"position\":2,\"name\":\"Volontaires\"}]},{\"@type\":\"WebSite\",\"@id\":\"https:\/\/mocliege.be\/graines\/#website\",\"url\":\"https:\/\/mocliege.be\/graines\/\",\"name\":\"Graines de g\u00e9nie\",\"description\":\"Un site utilisant Sites du MOC - Li\u00e8ge\",\"potentialAction\":[{\"@type\":\"SearchAction\",\"target\":{\"@type\":\"EntryPoint\",\"urlTemplate\":\"https:\/\/mocliege.be\/graines\/?s={search_term_string}\"},\"query-input\":\"required name=search_term_string\"}],\"inLanguage\":\"fr-FR\"}]}<\/script>\n<!-- \/ Yoast SEO plugin. -->","yoast_head_json":{"title":"Volontaires - Graines de g\u00e9nie","robots":{"index":"index","follow":"follow","max-snippet":"max-snippet:-1","max-image-preview":"max-image-preview:large","max-video-preview":"max-video-preview:-1"},"canonical":"https:\/\/mocliege.be\/graines\/volontaires\/","og_locale":"fr_FR","og_type":"article","og_title":"Volontaires - Graines de g\u00e9nie","og_description":"Nous recherchons des volontaires Chantal, Nicole et Mich\u00e8le : l&rsquo;histoire de trois volontaires L&rsquo;ASBL Graines [&hellip;]","og_url":"https:\/\/mocliege.be\/graines\/volontaires\/","og_site_name":"Graines de g\u00e9nie","article_modified_time":"2019-09-09T13:39:17+00:00","og_image":[{"url":"https:\/\/mocliege.be\/graines\/wp-content\/uploads\/sites\/4\/2019\/01\/B\u00c7n\u00c7vole-Chantale.jpg"}],"twitter_card":"summary_large_image","twitter_misc":{"Dur\u00e9e de lecture estim\u00e9e":"2 minutes"},"schema":{"@context":"https:\/\/schema.org","@graph":[{"@type":"WebPage","@id":"https:\/\/mocliege.be\/graines\/volontaires\/","url":"https:\/\/mocliege.be\/graines\/volontaires\/","name":"Volontaires - Graines de g\u00e9nie","isPartOf":{"@id":"https:\/\/mocliege.be\/graines\/#website"},"datePublished":"2018-10-17T07:55:58+00:00","dateModified":"2019-09-09T13:39:17+00:00","breadcrumb":{"@id":"https:\/\/mocliege.be\/graines\/volontaires\/#breadcrumb"},"inLanguage":"fr-FR","potentialAction":[{"@type":"ReadAction","target":["https:\/\/mocliege.be\/graines\/volontaires\/"]}]},{"@type":"BreadcrumbList","@id":"https:\/\/mocliege.be\/graines\/volontaires\/#breadcrumb","itemListElement":[{"@type":"ListItem","position":1,"name":"Accueil","item":"https:\/\/mocliege.be\/graines\/"},{"@type":"ListItem","position":2,"name":"Volontaires"}]},{"@type":"WebSite","@id":"https:\/\/mocliege.be\/graines\/#website","url":"https:\/\/mocliege.be\/graines\/","name":"Graines de g\u00e9nie","description":"Un site utilisant Sites du MOC - Li\u00e8ge","potentialAction":[{"@type":"SearchAction","target":{"@type":"EntryPoint","urlTemplate":"https:\/\/mocliege.be\/graines\/?s={search_term_string}"},"query-input":"required name=search_term_string"}],"inLanguage":"fr-FR"}]}},"_links":{"self":[{"href":"https:\/\/mocliege.be\/graines\/wp-json\/wp\/v2\/pages\/11"}],"collection":[{"href":"https:\/\/mocliege.be\/graines\/wp-json\/wp\/v2\/pages"}],"about":[{"href":"https:\/\/mocliege.be\/graines\/wp-json\/wp\/v2\/types\/page"}],"author":[{"embeddable":true,"href":"https:\/\/mocliege.be\/graines\/wp-json\/wp\/v2\/users\/1"}],"replies":[{"embeddable":true,"href":"https:\/\/mocliege.be\/graines\/wp-json\/wp\/v2\/comments?post=11"}],"version-history":[{"count":7,"href":"https:\/\/mocliege.be\/graines\/wp-json\/wp\/v2\/pages\/11\/revisions"}],"predecessor-version":[{"id":188,"href":"https:\/\/mocliege.be\/graines\/wp-json\/wp\/v2\/pages\/11\/revisions\/188"}],"wp:attachment":[{"href":"https:\/\/mocliege.be\/graines\/wp-json\/wp\/v2\/media?parent=11"}],"curies":[{"name":"wp","href":"https:\/\/api.w.org\/{rel}","templated":true}]}}