{"id":121,"date":"2019-01-28T14:11:00","date_gmt":"2019-01-28T13:11:00","guid":{"rendered":"https:\/\/dev.petithanb.be\/moc\/graines\/?page_id=121"},"modified":"2019-01-28T16:47:32","modified_gmt":"2019-01-28T15:47:32","slug":"parents","status":"publish","type":"page","link":"https:\/\/mocliege.be\/graines\/parents\/","title":{"rendered":"Parents"},"content":{"rendered":"<p>Bienvenue aux parents des enfants de Graines de G\u00e9nie !<\/p>\n<p>D\u00e9couvrez ci-dessous :<\/p>\n<ul>\n<li>Notre projet p\u00e9dagogique<\/li>\n<li>Notre R\u00e8glement d&rsquo;Ordre Int\u00e9rieur (ROI)<\/li>\n<li>La philosophie des \u00e9coles de devoirs<\/li>\n<\/ul>\n","protected":false},"excerpt":{"rendered":"<p>Bienvenue aux parents des enfants de Graines de G\u00e9nie ! D\u00e9couvrez ci-dessous : Notre projet [&hellip;]<\/p>\n","protected":false},"author":2,"featured_media":0,"parent":0,"menu_order":0,"comment_status":"closed","ping_status":"closed","template":"template-about.php","meta":{"_monsterinsights_skip_tracking":false,"_monsterinsights_sitenote_active":false,"_monsterinsights_sitenote_note":"","_monsterinsights_sitenote_category":0,"footnotes":""},"acf":[],"yoast_head":"<!-- This site is optimized with the Yoast SEO plugin v19.14 - https:\/\/yoast.com\/wordpress\/plugins\/seo\/ -->\n<title>Parents - Graines de g\u00e9nie<\/title>\n<meta name=\"robots\" content=\"index, follow, max-snippet:-1, max-image-preview:large, max-video-preview:-1\" \/>\n<link rel=\"canonical\" href=\"https:\/\/mocliege.be\/graines\/parents\/\" \/>\n<meta property=\"og:locale\" content=\"fr_FR\" \/>\n<meta property=\"og:type\" content=\"article\" \/>\n<meta property=\"og:title\" content=\"Parents - Graines de g\u00e9nie\" \/>\n<meta property=\"og:description\" content=\"Bienvenue aux parents des enfants de Graines de G\u00e9nie ! D\u00e9couvrez ci-dessous : Notre projet [&hellip;]\" \/>\n<meta property=\"og:url\" content=\"https:\/\/mocliege.be\/graines\/parents\/\" \/>\n<meta property=\"og:site_name\" content=\"Graines de g\u00e9nie\" \/>\n<meta property=\"article:modified_time\" content=\"2019-01-28T15:47:32+00:00\" \/>\n<meta name=\"twitter:card\" content=\"summary_large_image\" \/>\n<script type=\"application\/ld+json\" class=\"yoast-schema-graph\">{\"@context\":\"https:\/\/schema.org\",\"@graph\":[{\"@type\":\"WebPage\",\"@id\":\"https:\/\/mocliege.be\/graines\/parents\/\",\"url\":\"https:\/\/mocliege.be\/graines\/parents\/\",\"name\":\"Parents - Graines de g\u00e9nie\",\"isPartOf\":{\"@id\":\"https:\/\/mocliege.be\/graines\/#website\"},\"datePublished\":\"2019-01-28T13:11:00+00:00\",\"dateModified\":\"2019-01-28T15:47:32+00:00\",\"breadcrumb\":{\"@id\":\"https:\/\/mocliege.be\/graines\/parents\/#breadcrumb\"},\"inLanguage\":\"fr-FR\",\"potentialAction\":[{\"@type\":\"ReadAction\",\"target\":[\"https:\/\/mocliege.be\/graines\/parents\/\"]}]},{\"@type\":\"BreadcrumbList\",\"@id\":\"https:\/\/mocliege.be\/graines\/parents\/#breadcrumb\",\"itemListElement\":[{\"@type\":\"ListItem\",\"position\":1,\"name\":\"Accueil\",\"item\":\"https:\/\/mocliege.be\/graines\/\"},{\"@type\":\"ListItem\",\"position\":2,\"name\":\"Parents\"}]},{\"@type\":\"WebSite\",\"@id\":\"https:\/\/mocliege.be\/graines\/#website\",\"url\":\"https:\/\/mocliege.be\/graines\/\",\"name\":\"Graines de g\u00e9nie\",\"description\":\"Un site utilisant Sites du MOC - Li\u00e8ge\",\"potentialAction\":[{\"@type\":\"SearchAction\",\"target\":{\"@type\":\"EntryPoint\",\"urlTemplate\":\"https:\/\/mocliege.be\/graines\/?s={search_term_string}\"},\"query-input\":\"required name=search_term_string\"}],\"inLanguage\":\"fr-FR\"}]}<\/script>\n<!-- \/ Yoast SEO plugin. -->","yoast_head_json":{"title":"Parents - Graines de g\u00e9nie","robots":{"index":"index","follow":"follow","max-snippet":"max-snippet:-1","max-image-preview":"max-image-preview:large","max-video-preview":"max-video-preview:-1"},"canonical":"https:\/\/mocliege.be\/graines\/parents\/","og_locale":"fr_FR","og_type":"article","og_title":"Parents - Graines de g\u00e9nie","og_description":"Bienvenue aux parents des enfants de Graines de G\u00e9nie ! D\u00e9couvrez ci-dessous : Notre projet [&hellip;]","og_url":"https:\/\/mocliege.be\/graines\/parents\/","og_site_name":"Graines de g\u00e9nie","article_modified_time":"2019-01-28T15:47:32+00:00","twitter_card":"summary_large_image","schema":{"@context":"https:\/\/schema.org","@graph":[{"@type":"WebPage","@id":"https:\/\/mocliege.be\/graines\/parents\/","url":"https:\/\/mocliege.be\/graines\/parents\/","name":"Parents - Graines de g\u00e9nie","isPartOf":{"@id":"https:\/\/mocliege.be\/graines\/#website"},"datePublished":"2019-01-28T13:11:00+00:00","dateModified":"2019-01-28T15:47:32+00:00","breadcrumb":{"@id":"https:\/\/mocliege.be\/graines\/parents\/#breadcrumb"},"inLanguage":"fr-FR","potentialAction":[{"@type":"ReadAction","target":["https:\/\/mocliege.be\/graines\/parents\/"]}]},{"@type":"BreadcrumbList","@id":"https:\/\/mocliege.be\/graines\/parents\/#breadcrumb","itemListElement":[{"@type":"ListItem","position":1,"name":"Accueil","item":"https:\/\/mocliege.be\/graines\/"},{"@type":"ListItem","position":2,"name":"Parents"}]},{"@type":"WebSite","@id":"https:\/\/mocliege.be\/graines\/#website","url":"https:\/\/mocliege.be\/graines\/","name":"Graines de g\u00e9nie","description":"Un site utilisant Sites du MOC - Li\u00e8ge","potentialAction":[{"@type":"SearchAction","target":{"@type":"EntryPoint","urlTemplate":"https:\/\/mocliege.be\/graines\/?s={search_term_string}"},"query-input":"required name=search_term_string"}],"inLanguage":"fr-FR"}]}},"_links":{"self":[{"href":"https:\/\/mocliege.be\/graines\/wp-json\/wp\/v2\/pages\/121"}],"collection":[{"href":"https:\/\/mocliege.be\/graines\/wp-json\/wp\/v2\/pages"}],"about":[{"href":"https:\/\/mocliege.be\/graines\/wp-json\/wp\/v2\/types\/page"}],"author":[{"embeddable":true,"href":"https:\/\/mocliege.be\/graines\/wp-json\/wp\/v2\/users\/2"}],"replies":[{"embeddable":true,"href":"https:\/\/mocliege.be\/graines\/wp-json\/wp\/v2\/comments?post=121"}],"version-history":[{"count":4,"href":"https:\/\/mocliege.be\/graines\/wp-json\/wp\/v2\/pages\/121\/revisions"}],"predecessor-version":[{"id":164,"href":"https:\/\/mocliege.be\/graines\/wp-json\/wp\/v2\/pages\/121\/revisions\/164"}],"wp:attachment":[{"href":"https:\/\/mocliege.be\/graines\/wp-json\/wp\/v2\/media?parent=121"}],"curies":[{"name":"wp","href":"https:\/\/api.w.org\/{rel}","templated":true}]}}