{"id":69,"date":"2019-01-16T14:18:58","date_gmt":"2019-01-16T13:18:58","guid":{"rendered":"https:\/\/dev.petithanb.be\/moc\/graines\/?page_id=69"},"modified":"2019-01-28T16:40:40","modified_gmt":"2019-01-28T15:40:40","slug":"stagiaires","status":"publish","type":"page","link":"https:\/\/mocliege.be\/graines\/stagiaires\/","title":{"rendered":"Stagiaires"},"content":{"rendered":"<h1>Stagiaires<\/h1>\n<p>Tout au long de l\u2019ann\u00e9e, nous accueillons des stagiaires dans diff\u00e9rents domaines\u00a0: \u00e9ducateurs, animateurs, assistants sociaux, instituteurs primaires, \u2026.<\/p>\n<p>Si vous d\u00e9sirez d\u00e9couvrir le travail en \u00e9cole de devoirs avec des enfants entre 5 et 13 ans, n\u2019h\u00e9sitez pas \u00e0 prendre contact avec Janssen Fran\u00e7oise au 0498\/17.18.53 ou <a href=\"mailto:janssen@mocliege.org\">janssen@mocliege.org<\/a><\/p>\n<p><img loading=\"lazy\" decoding=\"async\" class=\"alignnone size-medium wp-image-160\" src=\"https:\/\/mocliege.be\/graines\/wp-content\/uploads\/sites\/4\/2019\/01\/Illu.-Stagiaires-2-300x225.jpg\" alt=\"\" width=\"300\" height=\"225\" srcset=\"https:\/\/mocliege.be\/graines\/wp-content\/uploads\/sites\/4\/2019\/01\/Illu.-Stagiaires-2-300x225.jpg 300w, https:\/\/mocliege.be\/graines\/wp-content\/uploads\/sites\/4\/2019\/01\/Illu.-Stagiaires-2-768x576.jpg 768w, https:\/\/mocliege.be\/graines\/wp-content\/uploads\/sites\/4\/2019\/01\/Illu.-Stagiaires-2-64x48.jpg 64w, https:\/\/mocliege.be\/graines\/wp-content\/uploads\/sites\/4\/2019\/01\/Illu.-Stagiaires-2-250x188.jpg 250w, https:\/\/mocliege.be\/graines\/wp-content\/uploads\/sites\/4\/2019\/01\/Illu.-Stagiaires-2-100x75.jpg 100w, https:\/\/mocliege.be\/graines\/wp-content\/uploads\/sites\/4\/2019\/01\/Illu.-Stagiaires-2-150x113.jpg 150w, https:\/\/mocliege.be\/graines\/wp-content\/uploads\/sites\/4\/2019\/01\/Illu.-Stagiaires-2-450x338.jpg 450w, https:\/\/mocliege.be\/graines\/wp-content\/uploads\/sites\/4\/2019\/01\/Illu.-Stagiaires-2-600x450.jpg 600w, https:\/\/mocliege.be\/graines\/wp-content\/uploads\/sites\/4\/2019\/01\/Illu.-Stagiaires-2.jpg 960w\" sizes=\"(max-width: 300px) 100vw, 300px\" \/>\u00a0\u00a0\u00a0 <img loading=\"lazy\" decoding=\"async\" class=\"alignnone size-medium wp-image-161\" src=\"https:\/\/mocliege.be\/graines\/wp-content\/uploads\/sites\/4\/2019\/01\/Illu.-Stagiaires-300x225.jpg\" alt=\"\" width=\"300\" height=\"225\" srcset=\"https:\/\/mocliege.be\/graines\/wp-content\/uploads\/sites\/4\/2019\/01\/Illu.-Stagiaires-300x225.jpg 300w, https:\/\/mocliege.be\/graines\/wp-content\/uploads\/sites\/4\/2019\/01\/Illu.-Stagiaires-768x575.jpg 768w, https:\/\/mocliege.be\/graines\/wp-content\/uploads\/sites\/4\/2019\/01\/Illu.-Stagiaires-64x48.jpg 64w, https:\/\/mocliege.be\/graines\/wp-content\/uploads\/sites\/4\/2019\/01\/Illu.-Stagiaires-250x187.jpg 250w, https:\/\/mocliege.be\/graines\/wp-content\/uploads\/sites\/4\/2019\/01\/Illu.-Stagiaires-100x75.jpg 100w, https:\/\/mocliege.be\/graines\/wp-content\/uploads\/sites\/4\/2019\/01\/Illu.-Stagiaires-150x112.jpg 150w, https:\/\/mocliege.be\/graines\/wp-content\/uploads\/sites\/4\/2019\/01\/Illu.-Stagiaires-450x337.jpg 450w, https:\/\/mocliege.be\/graines\/wp-content\/uploads\/sites\/4\/2019\/01\/Illu.-Stagiaires-600x449.jpg 600w, https:\/\/mocliege.be\/graines\/wp-content\/uploads\/sites\/4\/2019\/01\/Illu.-Stagiaires.jpg 960w\" sizes=\"(max-width: 300px) 100vw, 300px\" \/><\/p>\n","protected":false},"excerpt":{"rendered":"<p>Stagiaires Tout au long de l\u2019ann\u00e9e, nous accueillons des stagiaires dans diff\u00e9rents domaines\u00a0: \u00e9ducateurs, animateurs, [&hellip;]<\/p>\n","protected":false},"author":1,"featured_media":0,"parent":0,"menu_order":0,"comment_status":"closed","ping_status":"closed","template":"template-about.php","meta":{"_monsterinsights_skip_tracking":false,"_monsterinsights_sitenote_active":false,"_monsterinsights_sitenote_note":"","_monsterinsights_sitenote_category":0,"footnotes":""},"acf":[],"yoast_head":"<!-- This site is optimized with the Yoast SEO plugin v19.14 - https:\/\/yoast.com\/wordpress\/plugins\/seo\/ -->\n<title>Stagiaires - Graines de g\u00e9nie<\/title>\n<meta name=\"robots\" content=\"index, follow, max-snippet:-1, max-image-preview:large, max-video-preview:-1\" \/>\n<link rel=\"canonical\" href=\"https:\/\/mocliege.be\/graines\/stagiaires\/\" \/>\n<meta property=\"og:locale\" content=\"fr_FR\" \/>\n<meta property=\"og:type\" content=\"article\" \/>\n<meta property=\"og:title\" content=\"Stagiaires - Graines de g\u00e9nie\" \/>\n<meta property=\"og:description\" content=\"Stagiaires Tout au long de l\u2019ann\u00e9e, nous accueillons des stagiaires dans diff\u00e9rents domaines\u00a0: \u00e9ducateurs, animateurs, [&hellip;]\" \/>\n<meta property=\"og:url\" content=\"https:\/\/mocliege.be\/graines\/stagiaires\/\" \/>\n<meta property=\"og:site_name\" content=\"Graines de g\u00e9nie\" \/>\n<meta property=\"article:modified_time\" content=\"2019-01-28T15:40:40+00:00\" \/>\n<meta property=\"og:image\" content=\"https:\/\/mocliege.be\/graines\/wp-content\/uploads\/sites\/4\/2019\/01\/Illu.-Stagiaires-2-300x225.jpg\" \/>\n<meta name=\"twitter:card\" content=\"summary_large_image\" \/>\n<script type=\"application\/ld+json\" class=\"yoast-schema-graph\">{\"@context\":\"https:\/\/schema.org\",\"@graph\":[{\"@type\":\"WebPage\",\"@id\":\"https:\/\/mocliege.be\/graines\/stagiaires\/\",\"url\":\"https:\/\/mocliege.be\/graines\/stagiaires\/\",\"name\":\"Stagiaires - Graines de g\u00e9nie\",\"isPartOf\":{\"@id\":\"https:\/\/mocliege.be\/graines\/#website\"},\"datePublished\":\"2019-01-16T13:18:58+00:00\",\"dateModified\":\"2019-01-28T15:40:40+00:00\",\"breadcrumb\":{\"@id\":\"https:\/\/mocliege.be\/graines\/stagiaires\/#breadcrumb\"},\"inLanguage\":\"fr-FR\",\"potentialAction\":[{\"@type\":\"ReadAction\",\"target\":[\"https:\/\/mocliege.be\/graines\/stagiaires\/\"]}]},{\"@type\":\"BreadcrumbList\",\"@id\":\"https:\/\/mocliege.be\/graines\/stagiaires\/#breadcrumb\",\"itemListElement\":[{\"@type\":\"ListItem\",\"position\":1,\"name\":\"Accueil\",\"item\":\"https:\/\/mocliege.be\/graines\/\"},{\"@type\":\"ListItem\",\"position\":2,\"name\":\"Stagiaires\"}]},{\"@type\":\"WebSite\",\"@id\":\"https:\/\/mocliege.be\/graines\/#website\",\"url\":\"https:\/\/mocliege.be\/graines\/\",\"name\":\"Graines de g\u00e9nie\",\"description\":\"Un site utilisant Sites du MOC - Li\u00e8ge\",\"potentialAction\":[{\"@type\":\"SearchAction\",\"target\":{\"@type\":\"EntryPoint\",\"urlTemplate\":\"https:\/\/mocliege.be\/graines\/?s={search_term_string}\"},\"query-input\":\"required name=search_term_string\"}],\"inLanguage\":\"fr-FR\"}]}<\/script>\n<!-- \/ Yoast SEO plugin. -->","yoast_head_json":{"title":"Stagiaires - Graines de g\u00e9nie","robots":{"index":"index","follow":"follow","max-snippet":"max-snippet:-1","max-image-preview":"max-image-preview:large","max-video-preview":"max-video-preview:-1"},"canonical":"https:\/\/mocliege.be\/graines\/stagiaires\/","og_locale":"fr_FR","og_type":"article","og_title":"Stagiaires - Graines de g\u00e9nie","og_description":"Stagiaires Tout au long de l\u2019ann\u00e9e, nous accueillons des stagiaires dans diff\u00e9rents domaines\u00a0: \u00e9ducateurs, animateurs, [&hellip;]","og_url":"https:\/\/mocliege.be\/graines\/stagiaires\/","og_site_name":"Graines de g\u00e9nie","article_modified_time":"2019-01-28T15:40:40+00:00","og_image":[{"url":"https:\/\/mocliege.be\/graines\/wp-content\/uploads\/sites\/4\/2019\/01\/Illu.-Stagiaires-2-300x225.jpg"}],"twitter_card":"summary_large_image","schema":{"@context":"https:\/\/schema.org","@graph":[{"@type":"WebPage","@id":"https:\/\/mocliege.be\/graines\/stagiaires\/","url":"https:\/\/mocliege.be\/graines\/stagiaires\/","name":"Stagiaires - Graines de g\u00e9nie","isPartOf":{"@id":"https:\/\/mocliege.be\/graines\/#website"},"datePublished":"2019-01-16T13:18:58+00:00","dateModified":"2019-01-28T15:40:40+00:00","breadcrumb":{"@id":"https:\/\/mocliege.be\/graines\/stagiaires\/#breadcrumb"},"inLanguage":"fr-FR","potentialAction":[{"@type":"ReadAction","target":["https:\/\/mocliege.be\/graines\/stagiaires\/"]}]},{"@type":"BreadcrumbList","@id":"https:\/\/mocliege.be\/graines\/stagiaires\/#breadcrumb","itemListElement":[{"@type":"ListItem","position":1,"name":"Accueil","item":"https:\/\/mocliege.be\/graines\/"},{"@type":"ListItem","position":2,"name":"Stagiaires"}]},{"@type":"WebSite","@id":"https:\/\/mocliege.be\/graines\/#website","url":"https:\/\/mocliege.be\/graines\/","name":"Graines de g\u00e9nie","description":"Un site utilisant Sites du MOC - Li\u00e8ge","potentialAction":[{"@type":"SearchAction","target":{"@type":"EntryPoint","urlTemplate":"https:\/\/mocliege.be\/graines\/?s={search_term_string}"},"query-input":"required name=search_term_string"}],"inLanguage":"fr-FR"}]}},"_links":{"self":[{"href":"https:\/\/mocliege.be\/graines\/wp-json\/wp\/v2\/pages\/69"}],"collection":[{"href":"https:\/\/mocliege.be\/graines\/wp-json\/wp\/v2\/pages"}],"about":[{"href":"https:\/\/mocliege.be\/graines\/wp-json\/wp\/v2\/types\/page"}],"author":[{"embeddable":true,"href":"https:\/\/mocliege.be\/graines\/wp-json\/wp\/v2\/users\/1"}],"replies":[{"embeddable":true,"href":"https:\/\/mocliege.be\/graines\/wp-json\/wp\/v2\/comments?post=69"}],"version-history":[{"count":3,"href":"https:\/\/mocliege.be\/graines\/wp-json\/wp\/v2\/pages\/69\/revisions"}],"predecessor-version":[{"id":162,"href":"https:\/\/mocliege.be\/graines\/wp-json\/wp\/v2\/pages\/69\/revisions\/162"}],"wp:attachment":[{"href":"https:\/\/mocliege.be\/graines\/wp-json\/wp\/v2\/media?parent=69"}],"curies":[{"name":"wp","href":"https:\/\/api.w.org\/{rel}","templated":true}]}}